{"id":7505,"date":"2024-08-17T11:50:53","date_gmt":"2024-08-17T09:50:53","guid":{"rendered":"https:\/\/offers-live.com\/pl\/?post_type=product&#038;p=7505"},"modified":"2024-08-17T11:50:53","modified_gmt":"2024-08-17T09:50:53","slug":"buty-pilkarskie-adidas-predator-elite-fg-player-pack","status":"publish","type":"product","link":"https:\/\/offers-live.com\/pl\/product\/buty-pilkarskie-adidas-predator-elite-fg-player-pack\/","title":{"rendered":"Buty pi\u0142karskie adidas PREDATOR ELITE FG PLAYER PACK"},"content":{"rendered":"<p>Buty pi\u0142karskie adidas PREDATOR ELITE FG PLAYER PACK!<br \/>\n\u2713 Bezp\u0142atny transport.<br \/>\n\u2713 P\u0142atno\u015b\u0107 kart\u0105 online lub innymi metodami p\u0142atno\u015bci.<br \/>\n\u2713 Mo\u017cesz zwr\u00f3ci\u0107 towar w ci\u0105gu 30 dni.<\/p>\n","protected":false},"excerpt":{"rendered":"<p>Buty pi\u0142karskie adidas PREDATOR ELITE FG PLAYER PACK! \u2713 Bezp\u0142atny transport. \u2713 P\u0142atno\u015b\u0107 kart\u0105 online lub innymi metodami p\u0142atno\u015bci. \u2713 Mo\u017cesz zwr\u00f3ci\u0107 towar w ci\u0105gu 30 dni.<\/p>\n","protected":false},"featured_media":7510,"comment_status":"open","ping_status":"closed","template":"","meta":{"_seopress_robots_primary_cat":"","_seopress_titles_title":"Buty pi\u0142karskie adidas PREDATOR ELITE FG PLAYER PACK","_seopress_titles_desc":"Buty pi\u0142karskie adidas PREDATOR ELITE FG PLAYER PACK!\r\n\u2713 Bezp\u0142atny transport.\r\n\u2713 P\u0142atno\u015b\u0107 kart\u0105 online lub innymi metodami p\u0142atno\u015bci.\r\n\u2713 Mo\u017cesz zwr\u00f3ci\u0107 towar w ci\u0105gu 30 dni.","_seopress_robots_index":""},"store":[247],"product_brand":[],"product_cat":[224],"product_tag":[],"class_list":{"0":"post-7505","1":"product","2":"type-product","3":"status-publish","4":"has-post-thumbnail","6":"store-11teamsports-pl","7":"product_cat-obuwie","9":"first","10":"instock","11":"shipping-taxable","12":"product-type-external"},"_links":{"self":[{"href":"https:\/\/offers-live.com\/pl\/wp-json\/wp\/v2\/product\/7505","targetHints":{"allow":["GET"]}}],"collection":[{"href":"https:\/\/offers-live.com\/pl\/wp-json\/wp\/v2\/product"}],"about":[{"href":"https:\/\/offers-live.com\/pl\/wp-json\/wp\/v2\/types\/product"}],"replies":[{"embeddable":true,"href":"https:\/\/offers-live.com\/pl\/wp-json\/wp\/v2\/comments?post=7505"}],"wp:featuredmedia":[{"embeddable":true,"href":"https:\/\/offers-live.com\/pl\/wp-json\/wp\/v2\/media\/7510"}],"wp:attachment":[{"href":"https:\/\/offers-live.com\/pl\/wp-json\/wp\/v2\/media?parent=7505"}],"wp:term":[{"taxonomy":"store","embeddable":true,"href":"https:\/\/offers-live.com\/pl\/wp-json\/wp\/v2\/store?post=7505"},{"taxonomy":"product_brand","embeddable":true,"href":"https:\/\/offers-live.com\/pl\/wp-json\/wp\/v2\/product_brand?post=7505"},{"taxonomy":"product_cat","embeddable":true,"href":"https:\/\/offers-live.com\/pl\/wp-json\/wp\/v2\/product_cat?post=7505"},{"taxonomy":"product_tag","embeddable":true,"href":"https:\/\/offers-live.com\/pl\/wp-json\/wp\/v2\/product_tag?post=7505"}],"curies":[{"name":"wp","href":"https:\/\/api.w.org\/{rel}","templated":true}]}}