{"id":6439,"date":"2024-03-02T09:14:01","date_gmt":"2024-03-02T08:14:01","guid":{"rendered":"https:\/\/offers-live.com\/pl\/?post_type=product&#038;p=6439"},"modified":"2024-03-02T09:14:02","modified_gmt":"2024-03-02T08:14:02","slug":"asics-metaspeed-sky","status":"publish","type":"product","link":"https:\/\/offers-live.com\/pl\/product\/asics-metaspeed-sky\/","title":{"rendered":"Buty do biegania Asics METASPEED SKY+"},"content":{"rendered":"<h2><strong>ASICS Metaspeed Sky +<\/strong><\/h2>\n<p><strong>WI\u0118CEJ TURBO.<\/strong><\/p>\n<p>Metaspeed Sky+ ma jeszcze wi\u0119ksz\u0105 ilo\u015b\u0107 pianki ASICS FF Blast\u2122 Turbo w przedniej cz\u0119\u015bci stopy. Dzi\u0119ki temu buty do biegania zapewniaj\u0105 jeszcze wi\u0119cej energii i dodatkowe odbicie na ka\u017cdym kroku.<\/p>\n<p><strong>WI\u0118CEJ NAP\u0118DU<\/strong><\/p>\n<p>P\u0142ytka karbonowa zosta\u0142a zmodyfikowana, aby zwi\u0119kszy\u0107 d\u0142ugo\u015b\u0107 kroku. Zoptymalizowane ustawienie p\u0142yt z wi\u0119ksz\u0105 ilo\u015bci\u0105 pianki pod spodem poprawia ekonomi\u0119 biegania i przybli\u017ca Ci\u0119 do nowego osobistego rekordu.<br \/>\n<strong><br \/>\nKLUCZOWE NOWE FUNKCJE<\/strong><\/p>\n<p>Ulepszone dopasowanie: Przeprojektowana cholewka pozwala na bardziej dopasowuj\u0105ce si\u0119 do palc\u00f3w i lepsze trzymanie \u015br\u00f3dstopia. Oparli\u015bmy t\u0119 aktualizacj\u0119 na opiniach i testach elitarnych sportowc\u00f3w.<\/p>\n<p><strong>MOTION WRAP\u2122 MESH:<\/strong> Ten lekki materia\u0142 wierzchni zapewnia zaawansowan\u0105 oddychalno\u015b\u0107, komfort i lepsze dopasowanie.<\/p>\n<p>Zaktualizowana geometria podeszwy \u015brodkowej: Nowa geometria \u015bcian bocznych w przedniej cz\u0119\u015bci stopy pomaga kontrolowa\u0107 deformacje, zapewniaj\u0105c jednocze\u015bnie bardziej dynamiczne odrywanie palc\u00f3w.<\/p>\n<p><strong>Ulepszona amortyzacja:<\/strong> Ten but ma ok. 4% wi\u0119cej technologii pianki FF BLAST TURBO\u2122 ni\u017c w poprzednim modelu.<\/p>\n<p><strong>Zoptymalizowane pozycjonowanie p\u0142ytki:<\/strong> P\u0142ytka jest umieszczona wy\u017cej i bardziej p\u0142aska w podeszwie \u015brodkowej, aby zapewni\u0107 wi\u0119ksz\u0105 dynamik\u0119 biegacza typu Stride.<\/p>\n","protected":false},"excerpt":{"rendered":"<p>ASICS Metaspeed Sky + WI\u0118CEJ TURBO. Metaspeed Sky+ ma jeszcze wi\u0119ksz\u0105 ilo\u015b\u0107 pianki ASICS FF Blast\u2122 Turbo w przedniej cz\u0119\u015bci stopy. Dzi\u0119ki temu buty do biegania zapewniaj\u0105 jeszcze wi\u0119cej energii i dodatkowe odbicie na ka\u017cdym kroku. WI\u0118CEJ NAP\u0118DU P\u0142ytka karbonowa zosta\u0142a zmodyfikowana, aby zwi\u0119kszy\u0107 d\u0142ugo\u015b\u0107 kroku. Zoptymalizowane ustawienie p\u0142yt z wi\u0119ksz\u0105 ilo\u015bci\u0105 pianki pod spodem [&hellip;]<\/p>\n","protected":false},"featured_media":6584,"comment_status":"open","ping_status":"closed","template":"","meta":{"_seopress_robots_primary_cat":"none","_seopress_titles_title":"Buty do biegania Asics METASPEED SKY+","_seopress_titles_desc":"Buty do biegania Asics METASPEED SKY+","_seopress_robots_index":""},"store":[249],"product_brand":[],"product_cat":[224,248],"product_tag":[],"class_list":{"0":"post-6439","1":"product","2":"type-product","3":"status-publish","4":"has-post-thumbnail","6":"store-top4running-pl","7":"product_cat-obuwie","8":"product_cat-sport-i-fitness","10":"first","11":"instock","12":"shipping-taxable","13":"product-type-external"},"_links":{"self":[{"href":"https:\/\/offers-live.com\/pl\/wp-json\/wp\/v2\/product\/6439","targetHints":{"allow":["GET"]}}],"collection":[{"href":"https:\/\/offers-live.com\/pl\/wp-json\/wp\/v2\/product"}],"about":[{"href":"https:\/\/offers-live.com\/pl\/wp-json\/wp\/v2\/types\/product"}],"replies":[{"embeddable":true,"href":"https:\/\/offers-live.com\/pl\/wp-json\/wp\/v2\/comments?post=6439"}],"wp:featuredmedia":[{"embeddable":true,"href":"https:\/\/offers-live.com\/pl\/wp-json\/wp\/v2\/media\/6584"}],"wp:attachment":[{"href":"https:\/\/offers-live.com\/pl\/wp-json\/wp\/v2\/media?parent=6439"}],"wp:term":[{"taxonomy":"store","embeddable":true,"href":"https:\/\/offers-live.com\/pl\/wp-json\/wp\/v2\/store?post=6439"},{"taxonomy":"product_brand","embeddable":true,"href":"https:\/\/offers-live.com\/pl\/wp-json\/wp\/v2\/product_brand?post=6439"},{"taxonomy":"product_cat","embeddable":true,"href":"https:\/\/offers-live.com\/pl\/wp-json\/wp\/v2\/product_cat?post=6439"},{"taxonomy":"product_tag","embeddable":true,"href":"https:\/\/offers-live.com\/pl\/wp-json\/wp\/v2\/product_tag?post=6439"}],"curies":[{"name":"wp","href":"https:\/\/api.w.org\/{rel}","templated":true}]}}