{"id":6371,"date":"2024-02-27T09:17:09","date_gmt":"2024-02-27T08:17:09","guid":{"rendered":"https:\/\/offers-live.com\/pl\/?post_type=product&#038;p=6371"},"modified":"2024-02-27T09:17:10","modified_gmt":"2024-02-27T08:17:10","slug":"nike-w-metcon-9-amp","status":"publish","type":"product","link":"https:\/\/offers-live.com\/pl\/product\/nike-w-metcon-9-amp\/","title":{"rendered":"Buty fitness Nike W METCON 9 AMP"},"content":{"rendered":"<p>Buty fitness Nike W METCON 9 AMP. Bezp\u0142atny transport. P\u0142atno\u015b\u0107 kart\u0105 online lub innymi metodami p\u0142atno\u015bci. Mo\u017cesz zwr\u00f3ci\u0107 towar w ci\u0105gu 30 dni.<\/p>\n","protected":false},"excerpt":{"rendered":"<p>Buty fitness Nike W METCON 9 AMP. Bezp\u0142atny transport. P\u0142atno\u015b\u0107 kart\u0105 online lub innymi metodami p\u0142atno\u015bci. Mo\u017cesz zwr\u00f3ci\u0107 towar w ci\u0105gu 30 dni.<\/p>\n","protected":false},"featured_media":6546,"comment_status":"open","ping_status":"closed","template":"","meta":{"_seopress_robots_primary_cat":"none","_seopress_titles_title":"Buty fitness Nike W METCON 9 AMP","_seopress_titles_desc":"Buty fitness Nike W METCON 9 AMP. Bezp\u0142atny transport. P\u0142atno\u015b\u0107 kart\u0105 online lub innymi metodami p\u0142atno\u015bci. Mo\u017cesz zwr\u00f3ci\u0107 towar w ci\u0105gu 30 dni.","_seopress_robots_index":""},"store":[275],"product_brand":[],"product_cat":[224,248],"product_tag":[],"class_list":{"0":"post-6371","1":"product","2":"type-product","3":"status-publish","4":"has-post-thumbnail","6":"store-top4fitness-pl","7":"product_cat-obuwie","8":"product_cat-sport-i-fitness","10":"first","11":"instock","12":"shipping-taxable","13":"product-type-external"},"_links":{"self":[{"href":"https:\/\/offers-live.com\/pl\/wp-json\/wp\/v2\/product\/6371","targetHints":{"allow":["GET"]}}],"collection":[{"href":"https:\/\/offers-live.com\/pl\/wp-json\/wp\/v2\/product"}],"about":[{"href":"https:\/\/offers-live.com\/pl\/wp-json\/wp\/v2\/types\/product"}],"replies":[{"embeddable":true,"href":"https:\/\/offers-live.com\/pl\/wp-json\/wp\/v2\/comments?post=6371"}],"wp:featuredmedia":[{"embeddable":true,"href":"https:\/\/offers-live.com\/pl\/wp-json\/wp\/v2\/media\/6546"}],"wp:attachment":[{"href":"https:\/\/offers-live.com\/pl\/wp-json\/wp\/v2\/media?parent=6371"}],"wp:term":[{"taxonomy":"store","embeddable":true,"href":"https:\/\/offers-live.com\/pl\/wp-json\/wp\/v2\/store?post=6371"},{"taxonomy":"product_brand","embeddable":true,"href":"https:\/\/offers-live.com\/pl\/wp-json\/wp\/v2\/product_brand?post=6371"},{"taxonomy":"product_cat","embeddable":true,"href":"https:\/\/offers-live.com\/pl\/wp-json\/wp\/v2\/product_cat?post=6371"},{"taxonomy":"product_tag","embeddable":true,"href":"https:\/\/offers-live.com\/pl\/wp-json\/wp\/v2\/product_tag?post=6371"}],"curies":[{"name":"wp","href":"https:\/\/api.w.org\/{rel}","templated":true}]}}