{"id":5944,"date":"2023-11-16T11:52:21","date_gmt":"2023-11-16T10:52:21","guid":{"rendered":"https:\/\/offers-live.com\/pl\/?post_type=product&#038;p=5944"},"modified":"2024-02-17T13:32:06","modified_gmt":"2024-02-17T12:32:06","slug":"buty-pilkarskie-puma-king-ultimate-aof-fg-ag","status":"publish","type":"product","link":"https:\/\/offers-live.com\/pl\/product\/buty-pilkarskie-puma-king-ultimate-aof-fg-ag\/","title":{"rendered":"Buty pi\u0142karskie Puma KING ULTIMATE AOF FG\/AG"},"content":{"rendered":"<p>Buty pi\u0142karskie Puma KING ULTIMATE AOF FG\/AG | 11teamsports.pl | Bezp\u0142atny transport | P\u0142atno\u015b\u0107 kart\u0105 online lub innymi metodami p\u0142atno\u015bci.<\/p>\n","protected":false},"excerpt":{"rendered":"<p>Buty pi\u0142karskie Puma KING ULTIMATE AOF FG\/AG | 11teamsports.pl | Bezp\u0142atny transport | P\u0142atno\u015b\u0107 kart\u0105 online lub innymi metodami p\u0142atno\u015bci.<\/p>\n","protected":false},"featured_media":6303,"comment_status":"open","ping_status":"closed","template":"","meta":{"_seopress_robots_primary_cat":"none","_seopress_titles_title":"Buty pi\u0142karskie Puma KING ULTIMATE AOF FG\/AG","_seopress_titles_desc":"Buty pi\u0142karskie Puma KING ULTIMATE AOF FG\/AG | 11teamsports.pl | Bezp\u0142atny transport | P\u0142atno\u015b\u0107 kart\u0105 online lub innymi metodami p\u0142atno\u015bci.","_seopress_robots_index":""},"store":[247],"product_brand":[],"product_cat":[224,248],"product_tag":[],"class_list":{"0":"post-5944","1":"product","2":"type-product","3":"status-publish","4":"has-post-thumbnail","6":"store-11teamsports-pl","7":"product_cat-obuwie","8":"product_cat-sport-i-fitness","10":"first","11":"instock","12":"shipping-taxable","13":"product-type-external"},"_links":{"self":[{"href":"https:\/\/offers-live.com\/pl\/wp-json\/wp\/v2\/product\/5944","targetHints":{"allow":["GET"]}}],"collection":[{"href":"https:\/\/offers-live.com\/pl\/wp-json\/wp\/v2\/product"}],"about":[{"href":"https:\/\/offers-live.com\/pl\/wp-json\/wp\/v2\/types\/product"}],"replies":[{"embeddable":true,"href":"https:\/\/offers-live.com\/pl\/wp-json\/wp\/v2\/comments?post=5944"}],"wp:featuredmedia":[{"embeddable":true,"href":"https:\/\/offers-live.com\/pl\/wp-json\/wp\/v2\/media\/6303"}],"wp:attachment":[{"href":"https:\/\/offers-live.com\/pl\/wp-json\/wp\/v2\/media?parent=5944"}],"wp:term":[{"taxonomy":"store","embeddable":true,"href":"https:\/\/offers-live.com\/pl\/wp-json\/wp\/v2\/store?post=5944"},{"taxonomy":"product_brand","embeddable":true,"href":"https:\/\/offers-live.com\/pl\/wp-json\/wp\/v2\/product_brand?post=5944"},{"taxonomy":"product_cat","embeddable":true,"href":"https:\/\/offers-live.com\/pl\/wp-json\/wp\/v2\/product_cat?post=5944"},{"taxonomy":"product_tag","embeddable":true,"href":"https:\/\/offers-live.com\/pl\/wp-json\/wp\/v2\/product_tag?post=5944"}],"curies":[{"name":"wp","href":"https:\/\/api.w.org\/{rel}","templated":true}]}}