{"id":3291,"date":"2022-09-08T09:35:23","date_gmt":"2022-09-08T07:35:23","guid":{"rendered":"https:\/\/offers-live.com\/pl\/?post_type=product&#038;p=3291"},"modified":"2024-02-17T13:32:19","modified_gmt":"2024-02-17T12:32:19","slug":"buty-pilkarskie-adidas-copa-sense-fg","status":"publish","type":"product","link":"https:\/\/offers-live.com\/pl\/product\/buty-pilkarskie-adidas-copa-sense-fg\/","title":{"rendered":"Buty pi\u0142karskie adidas COPA SENSE+ FG"},"content":{"rendered":"<p>Buty pi\u0142karskie adidas COPA SENSE+ FG. Bezp\u0142atny transport. Mo\u017cesz zwr\u00f3ci\u0107 towar w ci\u0105gu 30 dni. Worek za darmo. Zwyci\u0119stwo nie polega na pokonaniu 11 zawodnik\u00f3w. Chodzi o to, \u017ceby by\u0107 jednym z pi\u0142k\u0105. adidas Copa pomo\u017ce Ci poprawi\u0107 swoje wyczucie pi\u0142ki. Te niesznurowane buty do gry na naturalnej nawierzchni maj\u0105 piankowe wstawki Sensepods w pi\u0119cie. Anatomicznie rozmieszczona cholewka z luksusowej sk\u00f3ry i adidas Primeknit doskonale przylega do stopy. Technologia Touchpods \u0142\u0105czy si\u0119 z elastycznymi elementami Softstuds, zapewniaj\u0105c amortyzacj\u0119 przy kontakcie z pi\u0142k\u0105. Grafiki Ligi Mistrz\u00f3w UEFA stanowi\u0105 doskona\u0142e wyko\u0144czenie.<\/p>\n","protected":false},"excerpt":{"rendered":"<p>Buty pi\u0142karskie adidas COPA SENSE+ FG. Bezp\u0142atny transport. Mo\u017cesz zwr\u00f3ci\u0107 towar w ci\u0105gu 30 dni. Worek za darmo. Zwyci\u0119stwo nie polega na pokonaniu 11 zawodnik\u00f3w. Chodzi o to, \u017ceby by\u0107 jednym z pi\u0142k\u0105. adidas Copa pomo\u017ce Ci poprawi\u0107 swoje wyczucie pi\u0142ki. Te niesznurowane buty do gry na naturalnej nawierzchni maj\u0105 piankowe wstawki Sensepods w pi\u0119cie. [&hellip;]<\/p>\n","protected":false},"featured_media":3294,"comment_status":"open","ping_status":"closed","template":"","meta":{"_seopress_robots_primary_cat":"none","_seopress_titles_title":"Buty pi\u0142karskie adidas COPA SENSE+ FG","_seopress_titles_desc":"Buty pi\u0142karskie adidas COPA SENSE+ FG. Bezp\u0142atny transport. Mo\u017cesz zwr\u00f3ci\u0107 towar w ci\u0105gu 30 dni. Worek za darmo","_seopress_robots_index":""},"store":[247],"product_brand":[],"product_cat":[224,248],"product_tag":[],"class_list":{"0":"post-3291","1":"product","2":"type-product","3":"status-publish","4":"has-post-thumbnail","6":"store-11teamsports-pl","7":"product_cat-obuwie","8":"product_cat-sport-i-fitness","10":"first","11":"instock","12":"shipping-taxable","13":"product-type-external"},"_links":{"self":[{"href":"https:\/\/offers-live.com\/pl\/wp-json\/wp\/v2\/product\/3291","targetHints":{"allow":["GET"]}}],"collection":[{"href":"https:\/\/offers-live.com\/pl\/wp-json\/wp\/v2\/product"}],"about":[{"href":"https:\/\/offers-live.com\/pl\/wp-json\/wp\/v2\/types\/product"}],"replies":[{"embeddable":true,"href":"https:\/\/offers-live.com\/pl\/wp-json\/wp\/v2\/comments?post=3291"}],"wp:featuredmedia":[{"embeddable":true,"href":"https:\/\/offers-live.com\/pl\/wp-json\/wp\/v2\/media\/3294"}],"wp:attachment":[{"href":"https:\/\/offers-live.com\/pl\/wp-json\/wp\/v2\/media?parent=3291"}],"wp:term":[{"taxonomy":"store","embeddable":true,"href":"https:\/\/offers-live.com\/pl\/wp-json\/wp\/v2\/store?post=3291"},{"taxonomy":"product_brand","embeddable":true,"href":"https:\/\/offers-live.com\/pl\/wp-json\/wp\/v2\/product_brand?post=3291"},{"taxonomy":"product_cat","embeddable":true,"href":"https:\/\/offers-live.com\/pl\/wp-json\/wp\/v2\/product_cat?post=3291"},{"taxonomy":"product_tag","embeddable":true,"href":"https:\/\/offers-live.com\/pl\/wp-json\/wp\/v2\/product_tag?post=3291"}],"curies":[{"name":"wp","href":"https:\/\/api.w.org\/{rel}","templated":true}]}}