{"id":3265,"date":"2022-08-12T06:36:33","date_gmt":"2022-08-12T04:36:33","guid":{"rendered":"https:\/\/offers-live.com\/pl\/?post_type=product&#038;p=3265"},"modified":"2024-02-17T13:33:30","modified_gmt":"2024-02-17T12:33:30","slug":"buty-pilkarskie-nike-phantom-gt2-elite-fg","status":"publish","type":"product","link":"https:\/\/offers-live.com\/pl\/product\/buty-pilkarskie-nike-phantom-gt2-elite-fg\/","title":{"rendered":"Buty pi\u0142karskie Nike PHANTOM GT2 ELITE FG"},"content":{"rendered":"<p>Buty pi\u0142karskie <strong>Nike PHANTOM GT2 ELITE FG<\/strong>. Bezp\u0142atny transport. Mo\u017cesz zwr\u00f3ci\u0107 towar w ci\u0105gu 30 dni. Worek za darmo. Buty Nike Phantom GT2 Elite FG, wzorowane na modelu Phantom GT, maj\u0105 unowocze\u015bniony design i wypuk\u0142e wzory, kt\u00f3re pomagaj\u0105 uzyska\u0107 optymaln\u0105 rotacj\u0119 i kontrol\u0119 lotu pi\u0142ki. Niecentralne sznurowanie zapewnia czyst\u0105 stref\u0119 uderzenia dla umiej\u0119tnego dryblingu, podania i strzelania.<\/p>\n","protected":false},"excerpt":{"rendered":"<p>Buty pi\u0142karskie Nike PHANTOM GT2 ELITE FG. Bezp\u0142atny transport. Mo\u017cesz zwr\u00f3ci\u0107 towar w ci\u0105gu 30 dni. Worek za darmo. Buty Nike Phantom GT2 Elite FG, wzorowane na modelu Phantom GT, maj\u0105 unowocze\u015bniony design i wypuk\u0142e wzory, kt\u00f3re pomagaj\u0105 uzyska\u0107 optymaln\u0105 rotacj\u0119 i kontrol\u0119 lotu pi\u0142ki. Niecentralne sznurowanie zapewnia czyst\u0105 stref\u0119 uderzenia dla umiej\u0119tnego dryblingu, podania [&hellip;]<\/p>\n","protected":false},"featured_media":3268,"comment_status":"open","ping_status":"closed","template":"","meta":{"_seopress_robots_primary_cat":"none","_seopress_titles_title":"Buty pi\u0142karskie Nike PHANTOM GT2 ELITE FG","_seopress_titles_desc":"Buty pi\u0142karskie Nike PHANTOM GT2 ELITE FG. Bezp\u0142atny transport. Mo\u017cesz zwr\u00f3ci\u0107 towar w ci\u0105gu 30 dni. Worek za darmo.","_seopress_robots_index":""},"store":[247],"product_brand":[],"product_cat":[224,248],"product_tag":[],"class_list":{"0":"post-3265","1":"product","2":"type-product","3":"status-publish","4":"has-post-thumbnail","6":"store-11teamsports-pl","7":"product_cat-obuwie","8":"product_cat-sport-i-fitness","10":"first","11":"instock","12":"shipping-taxable","13":"product-type-external"},"_links":{"self":[{"href":"https:\/\/offers-live.com\/pl\/wp-json\/wp\/v2\/product\/3265","targetHints":{"allow":["GET"]}}],"collection":[{"href":"https:\/\/offers-live.com\/pl\/wp-json\/wp\/v2\/product"}],"about":[{"href":"https:\/\/offers-live.com\/pl\/wp-json\/wp\/v2\/types\/product"}],"replies":[{"embeddable":true,"href":"https:\/\/offers-live.com\/pl\/wp-json\/wp\/v2\/comments?post=3265"}],"wp:featuredmedia":[{"embeddable":true,"href":"https:\/\/offers-live.com\/pl\/wp-json\/wp\/v2\/media\/3268"}],"wp:attachment":[{"href":"https:\/\/offers-live.com\/pl\/wp-json\/wp\/v2\/media?parent=3265"}],"wp:term":[{"taxonomy":"store","embeddable":true,"href":"https:\/\/offers-live.com\/pl\/wp-json\/wp\/v2\/store?post=3265"},{"taxonomy":"product_brand","embeddable":true,"href":"https:\/\/offers-live.com\/pl\/wp-json\/wp\/v2\/product_brand?post=3265"},{"taxonomy":"product_cat","embeddable":true,"href":"https:\/\/offers-live.com\/pl\/wp-json\/wp\/v2\/product_cat?post=3265"},{"taxonomy":"product_tag","embeddable":true,"href":"https:\/\/offers-live.com\/pl\/wp-json\/wp\/v2\/product_tag?post=3265"}],"curies":[{"name":"wp","href":"https:\/\/api.w.org\/{rel}","templated":true}]}}