{"id":1364,"date":"2019-11-08T15:04:57","date_gmt":"2019-11-08T14:04:57","guid":{"rendered":"https:\/\/offers-live.com\/pl\/?post_type=product&#038;p=1364"},"modified":"2020-06-24T22:19:27","modified_gmt":"2020-06-24T20:19:27","slug":"koszulka-polo-meska","status":"publish","type":"product","link":"https:\/\/offers-live.com\/pl\/product\/koszulka-polo-meska\/","title":{"rendered":"KOSZULKA POLO M\u0118SKA"},"content":{"rendered":"<p>M\u0119ska koszulka polo wykonana z mi\u0119kkiej w dotyku dzianiny zapewni komfort podczas codziennych aktywno\u015bci.<\/p>\n","protected":false},"excerpt":{"rendered":"<p>M\u0119ska koszulka polo wykonana z mi\u0119kkiej w dotyku dzianiny zapewni komfort podczas codziennych aktywno\u015bci.<\/p>\n","protected":false},"featured_media":1365,"comment_status":"open","ping_status":"closed","template":"","meta":{"_seopress_robots_primary_cat":"","_seopress_titles_title":"KOSZULKA POLO M\u0118SKA","_seopress_titles_desc":"M\u0119ska koszulka polo wykonana z mi\u0119kkiej w dotyku dzianiny zapewni komfort podczas codziennych aktywno\u015bci.","_seopress_robots_index":""},"store":[231],"product_brand":[],"product_cat":[230],"product_tag":[],"class_list":{"0":"post-1364","1":"product","2":"type-product","3":"status-publish","4":"has-post-thumbnail","6":"store-4f","7":"product_cat-moda","9":"first","10":"instock","11":"shipping-taxable","12":"product-type-external"},"_links":{"self":[{"href":"https:\/\/offers-live.com\/pl\/wp-json\/wp\/v2\/product\/1364","targetHints":{"allow":["GET"]}}],"collection":[{"href":"https:\/\/offers-live.com\/pl\/wp-json\/wp\/v2\/product"}],"about":[{"href":"https:\/\/offers-live.com\/pl\/wp-json\/wp\/v2\/types\/product"}],"replies":[{"embeddable":true,"href":"https:\/\/offers-live.com\/pl\/wp-json\/wp\/v2\/comments?post=1364"}],"wp:featuredmedia":[{"embeddable":true,"href":"https:\/\/offers-live.com\/pl\/wp-json\/wp\/v2\/media\/1365"}],"wp:attachment":[{"href":"https:\/\/offers-live.com\/pl\/wp-json\/wp\/v2\/media?parent=1364"}],"wp:term":[{"taxonomy":"store","embeddable":true,"href":"https:\/\/offers-live.com\/pl\/wp-json\/wp\/v2\/store?post=1364"},{"taxonomy":"product_brand","embeddable":true,"href":"https:\/\/offers-live.com\/pl\/wp-json\/wp\/v2\/product_brand?post=1364"},{"taxonomy":"product_cat","embeddable":true,"href":"https:\/\/offers-live.com\/pl\/wp-json\/wp\/v2\/product_cat?post=1364"},{"taxonomy":"product_tag","embeddable":true,"href":"https:\/\/offers-live.com\/pl\/wp-json\/wp\/v2\/product_tag?post=1364"}],"curies":[{"name":"wp","href":"https:\/\/api.w.org\/{rel}","templated":true}]}}