{"id":1362,"date":"2019-11-08T14:57:31","date_gmt":"2019-11-08T13:57:31","guid":{"rendered":"https:\/\/offers-live.com\/pl\/?post_type=product&#038;p=1362"},"modified":"2020-06-24T22:20:38","modified_gmt":"2020-06-24T20:20:38","slug":"kurtka-narciarska-meska-kumn","status":"publish","type":"product","link":"https:\/\/offers-live.com\/pl\/product\/kurtka-narciarska-meska-kumn\/","title":{"rendered":"KURTKA NARCIARSKA M\u0118SKA KUMN"},"content":{"rendered":"<p>M\u0119ska kurtka narciarska z kapturem wyposa\u017cona w oddychaj\u0105c\u0105 membran\u0119 NeoDry 15 000 oraz poliestrowe wype\u0142nienie, dzi\u0119ki czemu oferuje wygod\u0119 oraz bardzo dobr\u0105 ochron\u0119 przed ch\u0142odem i wilgoci\u0105 w trakcie aktywno\u015bci na stoku. Hydrofobowa impregnacja materia\u0142u, laminowane zamki oraz klejone szwy wspieraj\u0105 ochron\u0119 przed absorpcj\u0105 wilgoci z zewn\u0105trz.<\/p>\n","protected":false},"excerpt":{"rendered":"<p>M\u0119ska kurtka narciarska z kapturem wyposa\u017cona w oddychaj\u0105c\u0105 membran\u0119 NeoDry 15 000 oraz poliestrowe wype\u0142nienie, dzi\u0119ki czemu oferuje wygod\u0119 oraz bardzo dobr\u0105 ochron\u0119 przed ch\u0142odem i wilgoci\u0105 w trakcie aktywno\u015bci na stoku. Hydrofobowa impregnacja materia\u0142u, laminowane zamki oraz klejone szwy wspieraj\u0105 ochron\u0119 przed absorpcj\u0105 wilgoci z zewn\u0105trz.<\/p>\n","protected":false},"featured_media":1363,"comment_status":"open","ping_status":"closed","template":"","meta":{"_seopress_robots_primary_cat":"","_seopress_titles_title":"KURTKA NARCIARSKA M\u0118SKA KUMN","_seopress_titles_desc":"M\u0119ska kurtka narciarska z kapturem wyposa\u017cona w oddychaj\u0105c\u0105 membran\u0119 NeoDry 15 000 oraz poliestrowe wype\u0142nienie, dzi\u0119ki czemu oferuje wygod\u0119 oraz bardzo","_seopress_robots_index":""},"store":[231],"product_brand":[],"product_cat":[230],"product_tag":[],"class_list":{"0":"post-1362","1":"product","2":"type-product","3":"status-publish","4":"has-post-thumbnail","6":"store-4f","7":"product_cat-moda","9":"first","10":"instock","11":"shipping-taxable","12":"product-type-external"},"_links":{"self":[{"href":"https:\/\/offers-live.com\/pl\/wp-json\/wp\/v2\/product\/1362","targetHints":{"allow":["GET"]}}],"collection":[{"href":"https:\/\/offers-live.com\/pl\/wp-json\/wp\/v2\/product"}],"about":[{"href":"https:\/\/offers-live.com\/pl\/wp-json\/wp\/v2\/types\/product"}],"replies":[{"embeddable":true,"href":"https:\/\/offers-live.com\/pl\/wp-json\/wp\/v2\/comments?post=1362"}],"wp:featuredmedia":[{"embeddable":true,"href":"https:\/\/offers-live.com\/pl\/wp-json\/wp\/v2\/media\/1363"}],"wp:attachment":[{"href":"https:\/\/offers-live.com\/pl\/wp-json\/wp\/v2\/media?parent=1362"}],"wp:term":[{"taxonomy":"store","embeddable":true,"href":"https:\/\/offers-live.com\/pl\/wp-json\/wp\/v2\/store?post=1362"},{"taxonomy":"product_brand","embeddable":true,"href":"https:\/\/offers-live.com\/pl\/wp-json\/wp\/v2\/product_brand?post=1362"},{"taxonomy":"product_cat","embeddable":true,"href":"https:\/\/offers-live.com\/pl\/wp-json\/wp\/v2\/product_cat?post=1362"},{"taxonomy":"product_tag","embeddable":true,"href":"https:\/\/offers-live.com\/pl\/wp-json\/wp\/v2\/product_tag?post=1362"}],"curies":[{"name":"wp","href":"https:\/\/api.w.org\/{rel}","templated":true}]}}