{"id":1349,"date":"2019-11-08T06:02:12","date_gmt":"2019-11-08T05:02:12","guid":{"rendered":"https:\/\/offers-live.com\/pl\/?post_type=product&#038;p=1349"},"modified":"2024-02-15T21:13:07","modified_gmt":"2024-02-15T20:13:07","slug":"polar-damski","status":"publish","type":"product","link":"https:\/\/offers-live.com\/pl\/product\/polar-damski\/","title":{"rendered":"Polar damski"},"content":{"rendered":"<p>Damska bluza polarowa z kapturem wykonana z lekkiej i mi\u0119kkiej dzianiny w technologii 4FWarm zapewni dodatkow\u0105 ochron\u0119 przed ch\u0142odem oraz komfort u\u017cytkowania w okresie przej\u015bciowym.<\/p>\n","protected":false},"excerpt":{"rendered":"<p>Damska bluza polarowa z kapturem wykonana z lekkiej i mi\u0119kkiej dzianiny w technologii 4FWarm zapewni dodatkow\u0105 ochron\u0119 przed ch\u0142odem oraz komfort u\u017cytkowania w okresie przej\u015bciowym.<\/p>\n","protected":false},"featured_media":1350,"comment_status":"open","ping_status":"closed","template":"","meta":{"_seopress_robots_primary_cat":"","_seopress_titles_title":"Polar damski","_seopress_titles_desc":"Damska bluza polarowa z kapturem wykonana z lekkiej i mi\u0119kkiej dzianiny w technologii 4FWarm zapewni dodatkow\u0105 ochron\u0119 przed ch\u0142odem oraz komfort","_seopress_robots_index":""},"store":[231],"product_brand":[],"product_cat":[230],"product_tag":[],"class_list":{"0":"post-1349","1":"product","2":"type-product","3":"status-publish","4":"has-post-thumbnail","6":"store-4f","7":"product_cat-moda","9":"first","10":"instock","11":"shipping-taxable","12":"product-type-external"},"_links":{"self":[{"href":"https:\/\/offers-live.com\/pl\/wp-json\/wp\/v2\/product\/1349","targetHints":{"allow":["GET"]}}],"collection":[{"href":"https:\/\/offers-live.com\/pl\/wp-json\/wp\/v2\/product"}],"about":[{"href":"https:\/\/offers-live.com\/pl\/wp-json\/wp\/v2\/types\/product"}],"replies":[{"embeddable":true,"href":"https:\/\/offers-live.com\/pl\/wp-json\/wp\/v2\/comments?post=1349"}],"wp:featuredmedia":[{"embeddable":true,"href":"https:\/\/offers-live.com\/pl\/wp-json\/wp\/v2\/media\/1350"}],"wp:attachment":[{"href":"https:\/\/offers-live.com\/pl\/wp-json\/wp\/v2\/media?parent=1349"}],"wp:term":[{"taxonomy":"store","embeddable":true,"href":"https:\/\/offers-live.com\/pl\/wp-json\/wp\/v2\/store?post=1349"},{"taxonomy":"product_brand","embeddable":true,"href":"https:\/\/offers-live.com\/pl\/wp-json\/wp\/v2\/product_brand?post=1349"},{"taxonomy":"product_cat","embeddable":true,"href":"https:\/\/offers-live.com\/pl\/wp-json\/wp\/v2\/product_cat?post=1349"},{"taxonomy":"product_tag","embeddable":true,"href":"https:\/\/offers-live.com\/pl\/wp-json\/wp\/v2\/product_tag?post=1349"}],"curies":[{"name":"wp","href":"https:\/\/api.w.org\/{rel}","templated":true}]}}