{"id":645,"date":"2019-09-03T14:18:13","date_gmt":"2019-09-03T14:18:13","guid":{"rendered":"https:\/\/offers-live.com\/pl\/?page_id=645"},"modified":"2025-10-25T06:58:26","modified_gmt":"2025-10-25T04:58:26","slug":"kategorie","status":"publish","type":"page","link":"https:\/\/offers-live.com\/pl\/kategorie\/","title":{"rendered":"Kategorie"},"content":{"rendered":"\n<h2 class=\"wp-block-heading\">Oferty i kupony we wszystkich kategoriach: Do 80% zni\u017cki na kod rabatowy<\/h2>\n\n\n\n<div class=\"wp-block-rehub-tax-archive rhpb-tax-archive rhpb-08cf6a26-32b1-4230-b433-bcaf4b9b1ced\"><div class=\"no_padding_wrap\"><div class=\"col_wrap_fourth rh-flex-eq-height mb20\"><div class=\"rh-heading-hover-color col_item rh-cartbox woocatbox pt15 pb15 pr15 pl15 rh-hov-bor-line product-category rh-flex-center-align \"><div style=\"width:calc(100% - 60px);\"><h5 class=\"mb10 font110 mt0\"><a class=\"\" href=\"https:\/\/offers-live.com\/pl\/biuro-i-szkola\/\" title=\"View all post filed under Biuro i Szko\u0142a\">Biuro i Szko\u0142a<\/a><\/h5><div class=\"greycolor mb10 font90\">32 items<\/div><div class=\"subcategortes font70 lineheight15 blackcolor wordbreak\"><\/div><\/div><\/div><div class=\"rh-heading-hover-color col_item rh-cartbox woocatbox pt15 pb15 pr15 pl15 rh-hov-bor-line product-category rh-flex-center-align \"><div style=\"width:calc(100% - 60px);\"><h5 class=\"mb10 font110 mt0\"><a class=\"\" href=\"https:\/\/offers-live.com\/pl\/black-friday\/\" title=\"View all post filed under Black Friday\">Black Friday<\/a><\/h5><div class=\"greycolor mb10 font90\">9 items<\/div><div class=\"subcategortes font70 lineheight15 blackcolor wordbreak\"><\/div><\/div><\/div><div class=\"rh-heading-hover-color col_item rh-cartbox woocatbox pt15 pb15 pr15 pl15 rh-hov-bor-line product-category rh-flex-center-align \"><div style=\"width:calc(100% - 60px);\"><h5 class=\"mb10 font110 mt0\"><a class=\"\" href=\"https:\/\/offers-live.com\/pl\/boze-narodzenie\/\" title=\"View all post filed under Bo\u017ce Narodzenie\">Bo\u017ce Narodzenie<\/a><\/h5><div class=\"greycolor mb10 font90\">19 items<\/div><div class=\"subcategortes font70 lineheight15 blackcolor wordbreak\"><\/div><\/div><\/div><div class=\"rh-heading-hover-color col_item rh-cartbox woocatbox pt15 pb15 pr15 pl15 rh-hov-bor-line product-category rh-flex-center-align \"><div style=\"width:calc(100% - 60px);\"><h5 class=\"mb10 font110 mt0\"><a class=\"\" href=\"https:\/\/offers-live.com\/pl\/cyber-monday\/\" title=\"View all post filed under Cyber Monday\">Cyber Monday<\/a><\/h5><div class=\"greycolor mb10 font90\">3 items<\/div><div class=\"subcategortes font70 lineheight15 blackcolor wordbreak\"><\/div><\/div><\/div><div class=\"rh-heading-hover-color col_item rh-cartbox woocatbox pt15 pb15 pr15 pl15 rh-hov-bor-line product-category rh-flex-center-align \"><div style=\"width:calc(100% - 60px);\"><h5 class=\"mb10 font110 mt0\"><a class=\"\" href=\"https:\/\/offers-live.com\/pl\/dom-i-ogrod\/\" title=\"View all post filed under Dom i Ogr\u00f3d\">Dom i Ogr\u00f3d<\/a><\/h5><div class=\"greycolor mb10 font90\">88 items<\/div><div class=\"subcategortes font70 lineheight15 blackcolor wordbreak\"><\/div><\/div><\/div><div class=\"rh-heading-hover-color col_item rh-cartbox woocatbox pt15 pb15 pr15 pl15 rh-hov-bor-line product-category rh-flex-center-align \"><div style=\"width:calc(100% - 60px);\"><h5 class=\"mb10 font110 mt0\"><a class=\"\" href=\"https:\/\/offers-live.com\/pl\/dzieci\/\" title=\"View all post filed under Dzieci\">Dzieci<\/a><\/h5><div class=\"greycolor mb10 font90\">329 items<\/div><div class=\"subcategortes font70 lineheight15 blackcolor wordbreak\"><\/div><\/div><\/div><div class=\"rh-heading-hover-color col_item rh-cartbox woocatbox pt15 pb15 pr15 pl15 rh-hov-bor-line product-category rh-flex-center-align \"><div style=\"width:calc(100% - 60px);\"><h5 class=\"mb10 font110 mt0\"><a class=\"\" href=\"https:\/\/offers-live.com\/pl\/elektronika-sprzet-agd\/\" title=\"View all post filed under Elektronika, Sprz\u0119t AGD\">Elektronika, Sprz\u0119t AGD<\/a><\/h5><div class=\"greycolor mb10 font90\">187 items<\/div><div class=\"subcategortes font70 lineheight15 blackcolor wordbreak\"><\/div><\/div><\/div><div class=\"rh-heading-hover-color col_item rh-cartbox woocatbox pt15 pb15 pr15 pl15 rh-hov-bor-line product-category rh-flex-center-align \"><div style=\"width:calc(100% - 60px);\"><h5 class=\"mb10 font110 mt0\"><a class=\"\" href=\"https:\/\/offers-live.com\/pl\/halloween\/\" title=\"View all post filed under Halloween\">Halloween<\/a><\/h5><div class=\"greycolor mb10 font90\">4 items<\/div><div class=\"subcategortes font70 lineheight15 blackcolor wordbreak\"><\/div><\/div><\/div><div class=\"rh-heading-hover-color col_item rh-cartbox woocatbox pt15 pb15 pr15 pl15 rh-hov-bor-line product-category rh-flex-center-align \"><div style=\"width:calc(100% - 60px);\"><h5 class=\"mb10 font110 mt0\"><a class=\"\" href=\"https:\/\/offers-live.com\/pl\/inne\/\" title=\"View all post filed under Inne\">Inne<\/a><\/h5><div class=\"greycolor mb10 font90\">20 items<\/div><div class=\"subcategortes font70 lineheight15 blackcolor wordbreak\"><\/div><\/div><\/div><div class=\"rh-heading-hover-color col_item rh-cartbox woocatbox pt15 pb15 pr15 pl15 rh-hov-bor-line product-category rh-flex-center-align \"><div style=\"width:calc(100% - 60px);\"><h5 class=\"mb10 font110 mt0\"><a class=\"\" href=\"https:\/\/offers-live.com\/pl\/internet-i-telefony\/\" title=\"View all post filed under Internet i Telefony\">Internet i Telefony<\/a><\/h5><div class=\"greycolor mb10 font90\">22 items<\/div><div class=\"subcategortes font70 lineheight15 blackcolor wordbreak\"><\/div><\/div><\/div><div class=\"rh-heading-hover-color col_item rh-cartbox woocatbox pt15 pb15 pr15 pl15 rh-hov-bor-line product-category rh-flex-center-align \"><div style=\"width:calc(100% - 60px);\"><h5 class=\"mb10 font110 mt0\"><a class=\"\" href=\"https:\/\/offers-live.com\/pl\/jedzenie-i-napoje\/\" title=\"View all post filed under Jedzenie i Napoje\">Jedzenie i Napoje<\/a><\/h5><div class=\"greycolor mb10 font90\">55 items<\/div><div class=\"subcategortes font70 lineheight15 blackcolor wordbreak\"><\/div><\/div><\/div><div class=\"rh-heading-hover-color col_item rh-cartbox woocatbox pt15 pb15 pr15 pl15 rh-hov-bor-line product-category rh-flex-center-align \"><div style=\"width:calc(100% - 60px);\"><h5 class=\"mb10 font110 mt0\"><a class=\"\" href=\"https:\/\/offers-live.com\/pl\/komputery-i-oprogramowanie\/\" title=\"View all post filed under Komputery i Oprogramowanie\">Komputery i Oprogramowanie<\/a><\/h5><div class=\"greycolor mb10 font90\">50 items<\/div><div class=\"subcategortes font70 lineheight15 blackcolor wordbreak\"><\/div><\/div><\/div><div class=\"rh-heading-hover-color col_item rh-cartbox woocatbox pt15 pb15 pr15 pl15 rh-hov-bor-line product-category rh-flex-center-align \"><div style=\"width:calc(100% - 60px);\"><h5 class=\"mb10 font110 mt0\"><a class=\"\" href=\"https:\/\/offers-live.com\/pl\/ksiazki-muzyka-i-filmy\/\" title=\"View all post filed under Ksi\u0105\u017cki, Muzyka i Filmy\">Ksi\u0105\u017cki, Muzyka i Filmy<\/a><\/h5><div class=\"greycolor mb10 font90\">60 items<\/div><div class=\"subcategortes font70 lineheight15 blackcolor wordbreak\"><\/div><\/div><\/div><div class=\"rh-heading-hover-color col_item rh-cartbox woocatbox pt15 pb15 pr15 pl15 rh-hov-bor-line product-category rh-flex-center-align \"><div style=\"width:calc(100% - 60px);\"><h5 class=\"mb10 font110 mt0\"><a class=\"\" href=\"https:\/\/offers-live.com\/pl\/meble-i-mieszkania\/\" title=\"View all post filed under Meble i Mieszkania\">Meble i Mieszkania<\/a><\/h5><div class=\"greycolor mb10 font90\">22 items<\/div><div class=\"subcategortes font70 lineheight15 blackcolor wordbreak\"><\/div><\/div><\/div><div class=\"rh-heading-hover-color col_item rh-cartbox woocatbox pt15 pb15 pr15 pl15 rh-hov-bor-line product-category rh-flex-center-align \"><div style=\"width:calc(100% - 60px);\"><h5 class=\"mb10 font110 mt0\"><a class=\"\" href=\"https:\/\/offers-live.com\/pl\/moda\/\" title=\"View all post filed under Moda\">Moda<\/a><\/h5><div class=\"greycolor mb10 font90\">454 items<\/div><div class=\"subcategortes font70 lineheight15 blackcolor wordbreak\"><\/div><\/div><\/div><div class=\"rh-heading-hover-color col_item rh-cartbox woocatbox pt15 pb15 pr15 pl15 rh-hov-bor-line product-category rh-flex-center-align \"><div style=\"width:calc(100% - 60px);\"><h5 class=\"mb10 font110 mt0\"><a class=\"\" href=\"https:\/\/offers-live.com\/pl\/obuwie\/\" title=\"View all post filed under Obuwie\">Obuwie<\/a><\/h5><div class=\"greycolor mb10 font90\">388 items<\/div><div class=\"subcategortes font70 lineheight15 blackcolor wordbreak\"><\/div><\/div><\/div><div class=\"rh-heading-hover-color col_item rh-cartbox woocatbox pt15 pb15 pr15 pl15 rh-hov-bor-line product-category rh-flex-center-align \"><div style=\"width:calc(100% - 60px);\"><h5 class=\"mb10 font110 mt0\"><a class=\"\" href=\"https:\/\/offers-live.com\/pl\/oprogramowanie-i-uslugi-informatyczne\/\" title=\"View all post filed under Oprogramowanie i us\u0142ugi informatyczne\">Oprogramowanie i us\u0142ugi informatyczne<\/a><\/h5><div class=\"greycolor mb10 font90\">9 items<\/div><div class=\"subcategortes font70 lineheight15 blackcolor wordbreak\"><\/div><\/div><\/div><div class=\"rh-heading-hover-color col_item rh-cartbox woocatbox pt15 pb15 pr15 pl15 rh-hov-bor-line product-category rh-flex-center-align \"><div style=\"width:calc(100% - 60px);\"><h5 class=\"mb10 font110 mt0\"><a class=\"\" href=\"https:\/\/offers-live.com\/pl\/prezenty-i-kwiaty\/\" title=\"View all post filed under Prezenty i Kwiaty\">Prezenty i Kwiaty<\/a><\/h5><div class=\"greycolor mb10 font90\">53 items<\/div><div class=\"subcategortes font70 lineheight15 blackcolor wordbreak\"><\/div><\/div><\/div><div class=\"rh-heading-hover-color col_item rh-cartbox woocatbox pt15 pb15 pr15 pl15 rh-hov-bor-line product-category rh-flex-center-align \"><div style=\"width:calc(100% - 60px);\"><h5 class=\"mb10 font110 mt0\"><a class=\"\" href=\"https:\/\/offers-live.com\/pl\/samochody-motocykle-i-czesci\/\" title=\"View all post filed under Samochody, Motocykle i Cz\u0119\u015bci\">Samochody, Motocykle i Cz\u0119\u015bci<\/a><\/h5><div class=\"greycolor mb10 font90\">16 items<\/div><div class=\"subcategortes font70 lineheight15 blackcolor wordbreak\"><\/div><\/div><\/div><div class=\"rh-heading-hover-color col_item rh-cartbox woocatbox pt15 pb15 pr15 pl15 rh-hov-bor-line product-category rh-flex-center-align \"><div style=\"width:calc(100% - 60px);\"><h5 class=\"mb10 font110 mt0\"><a class=\"\" href=\"https:\/\/offers-live.com\/pl\/sport-i-fitness\/\" title=\"View all post filed under Sport i Fitness\">Sport i Fitness<\/a><\/h5><div class=\"greycolor mb10 font90\">380 items<\/div><div class=\"subcategortes font70 lineheight15 blackcolor wordbreak\"><\/div><\/div><\/div><div class=\"rh-heading-hover-color col_item rh-cartbox woocatbox pt15 pb15 pr15 pl15 rh-hov-bor-line product-category rh-flex-center-align \"><div style=\"width:calc(100% - 60px);\"><h5 class=\"mb10 font110 mt0\"><a class=\"\" href=\"https:\/\/offers-live.com\/pl\/telefony-tablety-i-aparaty-fotograficzne\/\" title=\"View all post filed under Telefony, Tablety i aparaty fotograficzne\">Telefony, Tablety i aparaty fotograficzne<\/a><\/h5><div class=\"greycolor mb10 font90\">39 items<\/div><div class=\"subcategortes font70 lineheight15 blackcolor wordbreak\"><\/div><\/div><\/div><div class=\"rh-heading-hover-color col_item rh-cartbox woocatbox pt15 pb15 pr15 pl15 rh-hov-bor-line product-category rh-flex-center-align \"><div style=\"width:calc(100% - 60px);\"><h5 class=\"mb10 font110 mt0\"><a class=\"\" href=\"https:\/\/offers-live.com\/pl\/uroda-i-kosmetyki\/\" title=\"View all post filed under Uroda i Kosmetyki\">Uroda i Kosmetyki<\/a><\/h5><div class=\"greycolor mb10 font90\">98 items<\/div><div class=\"subcategortes font70 lineheight15 blackcolor wordbreak\"><\/div><\/div><\/div><div class=\"rh-heading-hover-color col_item rh-cartbox woocatbox pt15 pb15 pr15 pl15 rh-hov-bor-line product-category rh-flex-center-align \"><div style=\"width:calc(100% - 60px);\"><h5 class=\"mb10 font110 mt0\"><a class=\"\" href=\"https:\/\/offers-live.com\/pl\/wakacje-podroze-i-bilety\/\" title=\"View all post filed under Wakacje, Podr\u00f3\u017ce i Bilety\">Wakacje, Podr\u00f3\u017ce i Bilety<\/a><\/h5><div class=\"greycolor mb10 font90\">22 items<\/div><div class=\"subcategortes font70 lineheight15 blackcolor wordbreak\"><\/div><\/div><\/div><div class=\"rh-heading-hover-color col_item rh-cartbox woocatbox pt15 pb15 pr15 pl15 rh-hov-bor-line product-category rh-flex-center-align \"><div style=\"width:calc(100% - 60px);\"><h5 class=\"mb10 font110 mt0\"><a class=\"\" href=\"https:\/\/offers-live.com\/pl\/zabawki-i-gry\/\" title=\"View all post filed under Zabawki i Gry\">Zabawki i Gry<\/a><\/h5><div class=\"greycolor mb10 font90\">49 items<\/div><div class=\"subcategortes font70 lineheight15 blackcolor wordbreak\"><\/div><\/div><\/div><div class=\"rh-heading-hover-color col_item rh-cartbox woocatbox pt15 pb15 pr15 pl15 rh-hov-bor-line product-category rh-flex-center-align \"><div style=\"width:calc(100% - 60px);\"><h5 class=\"mb10 font110 mt0\"><a class=\"\" href=\"https:\/\/offers-live.com\/pl\/zdjecia-i-odbitki\/\" title=\"View all post filed under Zdj\u0119cia i Odbitki\">Zdj\u0119cia i Odbitki<\/a><\/h5><div class=\"greycolor mb10 font90\">22 items<\/div><div class=\"subcategortes font70 lineheight15 blackcolor wordbreak\"><\/div><\/div><\/div><div class=\"rh-heading-hover-color col_item rh-cartbox woocatbox pt15 pb15 pr15 pl15 rh-hov-bor-line product-category rh-flex-center-align \"><div style=\"width:calc(100% - 60px);\"><h5 class=\"mb10 font110 mt0\"><a class=\"\" href=\"https:\/\/offers-live.com\/pl\/zdrowie\/\" title=\"View all post filed under Zdrowie\">Zdrowie<\/a><\/h5><div class=\"greycolor mb10 font90\">57 items<\/div><div class=\"subcategortes font70 lineheight15 blackcolor wordbreak\"><\/div><\/div><\/div><div class=\"rh-heading-hover-color col_item rh-cartbox woocatbox pt15 pb15 pr15 pl15 rh-hov-bor-line product-category rh-flex-center-align \"><div style=\"width:calc(100% - 60px);\"><h5 class=\"mb10 font110 mt0\"><a class=\"\" href=\"https:\/\/offers-live.com\/pl\/zegarki-i-bizuteria\/\" title=\"View all post filed under Zegarki i Bi\u017cuteria\">Zegarki i Bi\u017cuteria<\/a><\/h5><div class=\"greycolor mb10 font90\">154 items<\/div><div class=\"subcategortes font70 lineheight15 blackcolor wordbreak\"><\/div><\/div><\/div><div class=\"rh-heading-hover-color col_item rh-cartbox woocatbox pt15 pb15 pr15 pl15 rh-hov-bor-line product-category rh-flex-center-align \"><div style=\"width:calc(100% - 60px);\"><h5 class=\"mb10 font110 mt0\"><a class=\"\" href=\"https:\/\/offers-live.com\/pl\/zwierzeta\/\" title=\"View all post filed under Zwierz\u0119ta\">Zwierz\u0119ta<\/a><\/h5><div class=\"greycolor mb10 font90\">22 items<\/div><div class=\"subcategortes font70 lineheight15 blackcolor wordbreak\"><\/div><\/div><\/div><\/div><\/div><\/div>\n\n\n\n<h2 class=\"wp-block-heading\">Kody rabatowe i promocje Kategorie na Offers-Live.com\/pl<\/h2>\n\n\n\n<p>Offers-Live.com\/pl organizuje <strong>zweryfikowane kody rabatowe<\/strong> w wielu <strong>kategoriach zakup\u00f3w<\/strong>. Szukasz ofert na odzie\u017c, elektronik\u0119, podr\u00f3\u017ce lub artyku\u0142y gospodarstwa domowego? Tutaj znajdziesz wszystko. Witryna codziennie aktualizuje promocje <strong>najwi\u0119kszych marek<\/strong>, takich jak Nike, Amazon i Walmart, a oszcz\u0119dno\u015bci wynosz\u0105 zazwyczaj od 10% do 50% regularnych cen.<\/p>\n\n\n\n<p>Po co traci\u0107 czas na szukanie kod\u00f3w rabatowych, kt\u00f3re nie dzia\u0142aj\u0105? Ta platforma wykonuje za Ciebie ci\u0119\u017ck\u0105 prac\u0119, udost\u0119pniaj\u0105c <strong>starannie wybrane, legalne kody<\/strong> w jednym wygodnym miejscu. Zesp\u00f3\u0142 serwisu weryfikuje ka\u017cd\u0105 promocj\u0119 przed umieszczeniem jej na stronie.<\/p>\n\n\n\n<p>Przegl\u0105daj kategorie odpowiadaj\u0105ce Twoim zainteresowaniom, zawsze sprawdzaj dost\u0119pne oferty przed sfinalizowaniem zakupu i odkrywaj <strong>ekskluzywne promocje<\/strong>, kt\u00f3rych nie znajdziesz bezpo\u015brednio na stronach internetowych marek. Wielu kupuj\u0105cych traci <strong>znacz\u0105ce oszcz\u0119dno\u015bci<\/strong> tylko dlatego, \u017ce nie wie o istnieniu tych specjalnych promocji.<\/p>\n\n\n\n<h2 class=\"wp-block-heading\">Witamy na stronie kategorii<\/h2>\n\n\n\n<p>Oszcz\u0119dzanie pieni\u0119dzy jest wa\u017cne dla ka\u017cdego, ale polowanie na legalne <strong>kody rabatowe<\/strong> mo\u017ce poch\u0142on\u0105\u0107 Tw\u00f3j cenny czas. Dlatego <strong>uporz\u0105dkowali\u015bmy wszystko<\/strong> na stronie Offers-Live.com\/pl.<\/p>\n\n\n\n<p>Znajdziesz tu <strong>najlepsze kody rabatowe<\/strong> i <strong>promocje posortowane wed\u0142ug kategorii<\/strong>. Kupujesz buty Nike, rezerwujesz kolejny pobyt na Airbnb, modernizujesz urz\u0105dzenia Apple lub od\u015bwie\u017casz salon IKEA? Mamy specjalne kody rabatowe dla ka\u017cdej sekcji.<\/p>\n\n\n\n<p>Przegl\u0105daj kategorie, kt\u00f3re odpowiadaj\u0105 Twoim zainteresowaniom, i odkryj <strong>ekskluzywne oszcz\u0119dno\u015bci<\/strong> dostosowane do Twojego stylu \u017cycia. Nasza starannie wyselekcjonowana kolekcja sprawdzonych kod\u00f3w rabatowych pomo\u017ce Ci wyda\u0107 mniej na produkty, kt\u00f3re kochasz, bez utraty jako\u015bci.<\/p>\n\n\n\n<p>Prawdziwe oszcz\u0119dno\u015bci na prawdziwych zakupach \u2014 to nasza obietnica.<\/p>\n\n\n\n<h2 class=\"wp-block-heading\">Uzyskaj najnowsze kody rabatowe i oferty<\/h2>\n\n\n\n<p>Po co czeka\u0107 na oszcz\u0119dno\u015bci, skoro nasze najnowsze <strong>kody rabatowe<\/strong> s\u0105 dost\u0119pne za jednym klikni\u0119ciem? Nasza sekcja Kategorie jest codziennie aktualizowana o nowe kody promocyjne, <strong>ekskluzywne oferty<\/strong> i <strong>oferty specjalne<\/strong> od najlepszych marek, takich jak Amazon, Target i Walmart w ca\u0142ej Polsce.<\/p>\n\n\n\n<p>Aby by\u0107 na bie\u017c\u0105co, odwiedzaj nas cz\u0119sto i zapisz si\u0119 do naszego newslettera. Nasz\u0105 misj\u0105 jest dostarczanie Ci najnowszych rabat\u00f3w, dzi\u0119ki kt\u00f3rym mo\u017cesz zaoszcz\u0119dzi\u0107 na wszystkim, od but\u00f3w Nike po urz\u0105dzenia Samsung i pakiety turystyczne Expedia.<\/p>\n\n\n\n<p>Zanim dokonasz zakupu w dowolnym sklepie internetowym, sprawd\u017a najpierw nasze <strong>aktualne oferty<\/strong>. Sprytni kupuj\u0105cy zawsze szukaj\u0105 kod\u00f3w \u2013 dzi\u0119ki temu mo\u017cesz zaoszcz\u0119dzi\u0107 dodatkowe 10\u201350% w zaledwie kilka sekund.<\/p>\n\n\n\n<h2 class=\"wp-block-heading\">Zmaksymalizuj swoje oszcz\u0119dno\u015bci na stronach kategorii Offers-Live Poland<\/h2>\n\n\n\n<p>Trzy proste kroki zmieni\u0105 spos\u00f3b, w jaki <strong>oszcz\u0119dzasz pieni\u0105dze<\/strong> na naszych stronach kategorii.<\/p>\n\n\n\n<p>Najpierw przejrzyj nasze <strong>uporz\u0105dkowane sekcje<\/strong>, aby znale\u017a\u0107 to, czego szukasz ubrania, smartfony, pakiety wakacyjne lub cokolwiek innego.<\/p>\n\n\n\n<p>Nast\u0119pnie kliknij dowoln\u0105 kategori\u0119, kt\u00f3ra przyci\u0105ga Twoj\u0105 uwag\u0119, aby zobaczy\u0107 wszystkie <strong>aktualne promocje<\/strong> i kody rabatowe.<\/p>\n\n\n\n<p>Na koniec wybierz ofert\u0119, kt\u00f3ra zapewnia <strong>najwi\u0119kszy rabat<\/strong> na to, czego potrzebujesz.<\/p>\n\n\n\n<p>Znajdziesz <strong>ekskluzywne oferty<\/strong> marek takich jak Samsung, Nike i Expedia, kt\u00f3rych nie reklamuj\u0105 one na swoich g\u0142\u00f3wnych stronach internetowych.<\/p>\n\n\n\n<p>Po co traci\u0107 godziny na przeskakiwanie mi\u0119dzy r\u00f3\u017cnymi stronami, skoro zebrali\u015bmy wszystko w jednym miejscu?<\/p>\n\n\n\n<p>Zacznij oszcz\u0119dza\u0107 ju\u017c dzi\u015b i kupuj m\u0105drzej z Offers-Live Polska.<\/p>\n\n\n\n<p><\/p>\n","protected":false},"excerpt":{"rendered":"<p>Oferty i kupony we wszystkich kategoriach: Do 80% zni\u017cki na kod rabatowy Kody rabatowe i promocje Kategorie na Offers-Live.com\/pl Offers-Live.com\/pl organizuje zweryfikowane kody rabatowe w wielu kategoriach zakup\u00f3w. Szukasz ofert na odzie\u017c, elektronik\u0119, podr\u00f3\u017ce lub artyku\u0142y gospodarstwa domowego? Tutaj znajdziesz wszystko. Witryna codziennie aktualizuje promocje najwi\u0119kszych marek, takich jak Nike, Amazon i Walmart, a oszcz\u0119dno\u015bci [&hellip;]<\/p>\n","protected":false},"author":1,"featured_media":0,"parent":0,"menu_order":0,"comment_status":"closed","ping_status":"closed","template":"","meta":{"_seopress_robots_primary_cat":"","_seopress_titles_title":"Oferty i kupony we wszystkich kategoriach: Do 80% zni\u017cki kod rabatowy","_seopress_titles_desc":"Zaoszcz\u0119d\u017a du\u017co dzi\u0119ki zweryfikowanym ofertom i ponad 500 kuponom na elektronik\u0119, mod\u0119, urod\u0119, sport i nie tylko na Offers-Live.com. Zdob\u0105d\u017a do 80% zni\u017cki i dodatkowe rabaty ju\u017c teraz!","_seopress_robots_index":"","footnotes":""},"class_list":["post-645","page","type-page","status-publish","hentry"],"_links":{"self":[{"href":"https:\/\/offers-live.com\/pl\/wp-json\/wp\/v2\/pages\/645","targetHints":{"allow":["GET"]}}],"collection":[{"href":"https:\/\/offers-live.com\/pl\/wp-json\/wp\/v2\/pages"}],"about":[{"href":"https:\/\/offers-live.com\/pl\/wp-json\/wp\/v2\/types\/page"}],"author":[{"embeddable":true,"href":"https:\/\/offers-live.com\/pl\/wp-json\/wp\/v2\/users\/1"}],"replies":[{"embeddable":true,"href":"https:\/\/offers-live.com\/pl\/wp-json\/wp\/v2\/comments?post=645"}],"version-history":[{"count":3,"href":"https:\/\/offers-live.com\/pl\/wp-json\/wp\/v2\/pages\/645\/revisions"}],"predecessor-version":[{"id":8889,"href":"https:\/\/offers-live.com\/pl\/wp-json\/wp\/v2\/pages\/645\/revisions\/8889"}],"wp:attachment":[{"href":"https:\/\/offers-live.com\/pl\/wp-json\/wp\/v2\/media?parent=645"}],"curies":[{"name":"wp","href":"https:\/\/api.w.org\/{rel}","templated":true}]}}