{"id":639,"date":"2019-09-03T12:41:53","date_gmt":"2019-09-03T12:41:53","guid":{"rendered":"https:\/\/offers-live.com\/pl\/?page_id=639"},"modified":"2025-04-22T13:47:00","modified_gmt":"2025-04-22T11:47:00","slug":"polityka-prywatnosci","status":"publish","type":"page","link":"https:\/\/offers-live.com\/pl\/polityka-prywatnosci\/","title":{"rendered":"Polityka Prywatno\u015bci"},"content":{"rendered":"<p>Offers-live.com\/pl dba o Twoj\u0105 prywatno\u015b\u0107. Chocia\u017c wi\u0119kszo\u015b\u0107 informacji na tej stronie jest dost\u0119pna bez podania danych osobowych, u\u017cytkownik mo\u017ce mie\u0107 mo\u017cliwo\u015b\u0107 \u017c\u0105dania danych osobowych. Informacje te mog\u0105 by\u0107 przekazywane stronom trzecim. U\u017cytkownik mo\u017ce sprzeciwi\u0107 si\u0119, bezp\u0142atnie i na \u017c\u0105danie, wykorzystania jego danych do marketingu bezpo\u015bredniego. Twoje dane osobowe mog\u0105 by\u0107 przekazywane stronom trzecim.<\/p>\n<p>Niniejsza polityka prywatno\u015bci opisuje, jakie informacje na Tw\u00f3j temat s\u0105 przez nas gromadzone, gdzie te informacje s\u0105 wykorzystywane oraz z kim i na jakich warunkach informacje te mog\u0105 by\u0107 udost\u0119pniane stronom trzecim. Wyja\u015bniamy r\u00f3wnie\u017c, w jaki spos\u00f3b przechowujemy twoje dane i jak chronimy twoje dane przed niew\u0142a\u015bciwym wykorzystaniem oraz twoje prawa dotycz\u0105ce danych osobowych, kt\u00f3re nam przekazujesz.<\/p>\n<p>Zawsze mo\u017cesz skontaktowa\u0107 si\u0119 z nami, aby uzyska\u0107 dost\u0119p do swoich danych osobowych. Mo\u017cesz r\u00f3wnie\u017c skontaktowa\u0107 si\u0119 z nami w sprawie wycofania \/ wycofania zgody \/ danych osobowych. Mo\u017cesz to zrobi\u0107 za pomoc\u0105 formularza kontaktowego lub poprzez <a href=\"https:\/\/offers-live.com\/pl\/contact\/\" target=\"_blank\" rel=\"noopener noreferrer\">info@offers-live.com\/pl<\/a>.<\/p>\n<h3><strong>Informacje osobiste<\/strong><\/h3>\n<p>Gdy odwiedzasz nasz\u0105 stron\u0119, pobierasz pliki, subskrybujesz biuletyn lub w inny spos\u00f3b podajesz nam dane osobowe, mo\u017cemy gromadzi\u0107 i przetwarza\u0107 nast\u0119puj\u0105ce dane osobowe: imi\u0119, imi\u0119, adres, numer telefonu kom\u00f3rkowego, p\u0142e\u0107, dat\u0119 urodzenia, adres IP i adres e-mail.<\/p>\n<p>Czasami musisz utworzy\u0107 profil, w kt\u00f3rym podasz nam dane osobowe. Je\u015bli zarejestrujesz si\u0119 w naszej witrynie za pomoc\u0105 konta w serwisie spo\u0142eczno\u015bciowym, mo\u017cemy uzyska\u0107 informacje dotycz\u0105ce profilu utworzonego w naszej witrynie. Przygotowanie tego profilu jest przydatne do przesy\u0142ania ciekawych ofert.<\/p>\n<p><strong>Dlaczego przetwarzamy dane osobowe?<\/strong><br \/>\nTwoje dane osobowe mog\u0105 zosta\u0107 wykorzystane:<\/p>\n<p>Aby poprawi\u0107 zawarto\u015b\u0107 naszych produkt\u00f3w i naszej strony internetowej<br \/>\nAby zarz\u0105dza\u0107 naszymi klientami;<br \/>\nDo cel\u00f3w marketingu bezpo\u015bredniego;<br \/>\nDo sprzeda\u017cy i promocji naszych produkt\u00f3w i us\u0142ug;<br \/>\nDo bada\u0144 rynku;<br \/>\nDo zarz\u0105dzania nasz\u0105 witryn\u0105;<br \/>\nAby zarz\u0105dza\u0107 naszymi konkursami i kampaniami promocyjnymi;<\/p>\n<p>Mo\u017cemy wykorzystywa\u0107 twoje dane osobowe do nowych cel\u00f3w, kt\u00f3re nie s\u0105 jeszcze w naszym &#8222;Polityka Prywatno\u015bci&#8221;.<\/p>\n<p><strong>Komu udost\u0119pniamy twoje dane osobowe?<\/strong><\/p>\n<p>Te dane osobowe s\u0105 przetwarzane przez Offers-live.com (&#8222;Marketing AdWire&#8221;), kt\u00f3ry jest odpowiedzialny za przetwarzanie. Mog\u0105 by\u0107 przekazywane do innych firm, w Polsce i za granic\u0105 (na ca\u0142ym \u015bwiecie), kt\u00f3re s\u0105 cz\u0119\u015bci\u0105 marketingu AdWire, a tak\u017ce do partner\u00f3w komercyjnych.<\/p>\n<h3><strong>Biuletyn<\/strong><\/h3>\n<p>Je\u015bli zapiszesz si\u0119 do naszego biuletynu, b\u0119dziesz otrzymywa\u0107 cotygodniowy biuletyn z najbardziej odpowiednimi i interesuj\u0105cymi ofertami w tym czasie. Je\u015bli chcesz zrezygnowa\u0107 z subskrypcji biuletynu, mo\u017cesz to zrobi\u0107, klikaj\u0105c opcj\u0119 \u201eanuluj subskrypcj\u0119\u201d u do\u0142u biuletynu.<\/p>\n<h3><strong>Ciasteczka<\/strong><\/h3>\n<p>Ta strona u\u017cywa plik\u00f3w cookie do \u015bledzenia wizyty i korzystania z witryny. Oznacza to, \u017ce u\u017cywamy plik\u00f3w cookie do \u015bledzenia, czy jeste\u015b zainteresowany ofertami udost\u0119pnianymi za po\u015brednictwem tej witryny. Kiedy kupujesz co\u015b za po\u015brednictwem tych ofert, otrzymujemy niewielk\u0105 prowizj\u0119 od naszych partner\u00f3w. Nie wszystkie firmy na naszej platformie, z kt\u00f3rej promujemy promocje i rabaty, p\u0142ac\u0105 prowizj\u0119, ale staramy si\u0119 zapewni\u0107 najlepsz\u0105 mo\u017cliw\u0105 prezentacj\u0119 wszystkich aktualnych rabat\u00f3w, kod\u00f3w promocyjnych i ofert.<\/p>\n<h3><strong>Inne strony internetowe<\/strong><\/h3>\n<p>Mo\u017cesz uzyska\u0107 dost\u0119p do innych witryn za po\u015brednictwem tej witryny. Nie ponosimy odpowiedzialno\u015bci za polityk\u0119 prywatno\u015bci tych stron internetowych.<\/p>\n","protected":false},"excerpt":{"rendered":"<p>Offers-live.com\/pl dba o Twoj\u0105 prywatno\u015b\u0107. Chocia\u017c wi\u0119kszo\u015b\u0107 informacji na tej stronie jest dost\u0119pna bez podania danych osobowych, u\u017cytkownik mo\u017ce mie\u0107 mo\u017cliwo\u015b\u0107 \u017c\u0105dania danych osobowych. Informacje te mog\u0105 by\u0107 przekazywane stronom trzecim. U\u017cytkownik mo\u017ce sprzeciwi\u0107 si\u0119, bezp\u0142atnie i na \u017c\u0105danie, wykorzystania jego danych do marketingu bezpo\u015bredniego. Twoje dane osobowe mog\u0105 by\u0107 przekazywane stronom trzecim. Niniejsza polityka [&hellip;]<\/p>\n","protected":false},"author":1,"featured_media":0,"parent":0,"menu_order":0,"comment_status":"closed","ping_status":"closed","template":"","meta":{"_seopress_robots_primary_cat":"","_seopress_titles_title":"Polityka Prywatno\u015bci - Offers-Live Poland","_seopress_titles_desc":"Offers-live.com\/pl dba o Twoj\u0105 prywatno\u015b\u0107. Chocia\u017c wi\u0119kszo\u015b\u0107 informacji na tej stronie jest dost\u0119pna bez podania danych osobowych, u\u017cytkownik mo\u017ce mie\u0107 mo\u017cliwo\u015b\u0107 \u017c\u0105dania danych osobowych.","_seopress_robots_index":"","footnotes":""},"class_list":["post-639","page","type-page","status-publish","hentry"],"_links":{"self":[{"href":"https:\/\/offers-live.com\/pl\/wp-json\/wp\/v2\/pages\/639","targetHints":{"allow":["GET"]}}],"collection":[{"href":"https:\/\/offers-live.com\/pl\/wp-json\/wp\/v2\/pages"}],"about":[{"href":"https:\/\/offers-live.com\/pl\/wp-json\/wp\/v2\/types\/page"}],"author":[{"embeddable":true,"href":"https:\/\/offers-live.com\/pl\/wp-json\/wp\/v2\/users\/1"}],"replies":[{"embeddable":true,"href":"https:\/\/offers-live.com\/pl\/wp-json\/wp\/v2\/comments?post=639"}],"version-history":[{"count":1,"href":"https:\/\/offers-live.com\/pl\/wp-json\/wp\/v2\/pages\/639\/revisions"}],"predecessor-version":[{"id":8447,"href":"https:\/\/offers-live.com\/pl\/wp-json\/wp\/v2\/pages\/639\/revisions\/8447"}],"wp:attachment":[{"href":"https:\/\/offers-live.com\/pl\/wp-json\/wp\/v2\/media?parent=639"}],"curies":[{"name":"wp","href":"https:\/\/api.w.org\/{rel}","templated":true}]}}