{"id":636,"date":"2019-09-03T12:31:23","date_gmt":"2019-09-03T12:31:23","guid":{"rendered":"https:\/\/offers-live.com\/pl\/?page_id=636"},"modified":"2025-04-22T13:52:56","modified_gmt":"2025-04-22T11:52:56","slug":"regulamin","status":"publish","type":"page","link":"https:\/\/offers-live.com\/pl\/regulamin\/","title":{"rendered":"Regulamin"},"content":{"rendered":"<h3><strong>Artyku\u0142 1: Definicje<\/strong><\/h3>\n<p>W niniejszych warunkach u\u017cytkowania obowi\u0105zuj\u0105 nast\u0119puj\u0105ce definicje:<br \/>\n<strong>Stronie internetowej:<\/strong> <a href=\"https:\/\/offers-live.com\/pl\">Offers-Live.com\/pl<\/a><br \/>\n<strong>U\u017cytkownik:<\/strong> Osoba (prawna), kt\u00f3ra korzysta z us\u0142ug oferowanych za po\u015brednictwem strony;<br \/>\n<strong>Dostawca:<\/strong> (osoba prawna), kt\u00f3ra udost\u0119pnia informacje, oferty, kod rabatowy, produkty lub us\u0142ugi, o kt\u00f3rych mowa w witrynie Offers-Live.com\/pl za po\u015brednictwem (hiper) linku lub w inny spos\u00f3b;<br \/>\n<strong>Oferuje:<\/strong> Wszystkie oferty, informacje, kody rabatowe, oferty, produkty, us\u0142ugi lub wyra\u017cenia Dostawcy wymienione w witrynie Oferuje-live.com\/pl poprzez (hiper) link lub w inny spos\u00f3b;<br \/>\n<strong>Technologia zdalnej komunikacji:<\/strong> oznacza, \u017ce mo\u017cna go wykorzysta\u0107 do zawarcia umowy, przy czym konsument i handlowiec nie znajduj\u0105 si\u0119 w tym samym miejscu w tym samym czasie;<br \/>\n<strong>Zr\u00f3wnowa\u017cony no\u015bnik danych:<\/strong> Wszelkie \u015brodki, kt\u00f3re umo\u017cliwiaj\u0105 konsumentowi lub przedsi\u0119biorcy przechowywanie informacji skierowanych do niego osobi\u015bcie w spos\u00f3b umo\u017cliwiaj\u0105cy przysz\u0142e konsultacje i niezmienione odtwarzanie przechowywanych informacji.<\/p>\n<h3><strong>Artyku\u0142 2: To\u017csamo\u015b\u0107 przedsi\u0119biorcy<\/strong><\/h3>\n<p>Oferty-live.com\/pl, to inicjatywa Adwire Marketing.<br \/>\nGorakhpur,<br \/>\nUttar Pradesh, India<br \/>\nE-mail: info@offers-live.com<br \/>\nMob: +919540249496<br \/>\nLoca\u021bie: Gorakhpur India<br \/>\nGSTIN Reg No: 09AOJPV2996K1ZW<\/p>\n<h3><strong>Artyku\u0142 3: Oferta \/ Kod rabatowy \/ Oferta<\/strong><\/h3>\n<p>Nie mo\u017cemy zagwarantowa\u0107, \u017ce oferty lub kody rabatowe wymienione na tej stronie dzia\u0142aj\u0105 lub s\u0105 aktualne. Offers-Live.com\/pl i jego pracownicy nie ponosz\u0105 odpowiedzialno\u015bci za jakiekolwiek szkody spowodowane wykorzystaniem informacji na tej stronie. Je\u015bli zobaczysz kod rabatowy lub rabat, kt\u00f3ry nie jest ju\u017c wa\u017cny, daj nam zna\u0107, aby\u015bmy mogli go uzyska\u0107 z naszej strony internetowej.<\/p>\n<h3><strong>Artyku\u0142 4: W\u0142asno\u015b\u0107 intelektualna<\/strong><\/h3>\n<p>Kupuj\u0105cy wyra\u017anie potwierdza, \u017ce wszelkie prawa w\u0142asno\u015bci intelektualnej do wy\u015bwietlanych informacji, og\u0142osze\u0144 lub innych wyra\u017ce\u0144 w odniesieniu do produkt\u00f3w lub w odniesieniu do strony internetowej nale\u017c\u0105 do Offers-Live.com\/pl, jej dostawc\u00f3w lub innych uprawnionych stron.<\/p>\n<h3><strong>Artyku\u0142 5: Informacje osobiste<\/strong><\/h3>\n<p>Offers-Live.com\/pl przetwarza dane kupuj\u0105cego tylko zgodnie z jego polityk\u0105 prywatno\u015bci. Offers-Live.com\/pl przestrzega obowi\u0105zuj\u0105cych zasad i przepis\u00f3w dotycz\u0105cych prywatno\u015bci.<\/p>\n<h3><strong>Artyku\u0142 6: Spinki do mankiet\u00f3w<\/strong><\/h3>\n<p>Witryna Offers-Live.com\/pl mo\u017ce zawiera\u0107 reklamy stron trzecich lub linki do innych stron. Offers-Live.com\/pl nie ma wp\u0142ywu na polityk\u0119 prywatno\u015bci tych stron trzecich ani ich stron i nie ponosi za to odpowiedzialno\u015bci.<\/p>\n<h3><strong>Artyku\u0142 7: Zakup<\/strong><\/h3>\n<p>Offers-Live.com\/pl nie sprzedaje produkt\u00f3w samodzielnie. Przy zakupie produktu obowi\u0105zuj\u0105 warunki odpowiedniego reklamodawcy.<\/p>\n<h3><strong>Artyku\u0142 8: Twoje prawa<\/strong><\/h3>\n<p>Zawsze mo\u017cesz zapyta\u0107 Offers-Live.com\/pl, kt\u00f3re dane o tobie s\u0105 przetwarzane. Mo\u017cesz wys\u0142a\u0107 do tego e-maila. Mo\u017cesz tak\u017ce poprosi\u0107 Offers-Live.com o dokonanie poprawek, uzupe\u0142nie\u0144 lub innych poprawek przez e-mail, kt\u00f3re Offers-Live.com\/pl przetworzy tak szybko, jak to mo\u017cliwe. Je\u015bli nie chcesz ju\u017c otrzymywa\u0107 informacji, mo\u017cesz zg\u0142osi\u0107 to na Offers-Live.com\/pl. Wysy\u0142anie informacji odbywa si\u0119 tylko wtedy, gdy poda\u0142e\u015b sw\u00f3j adres e-mail.<\/p>\n<h3><strong>Artyku\u0142 9: Dodatkowe lub r\u00f3\u017cne postanowienia<\/strong><\/h3>\n<p>Dodatkowe postanowienia lub odst\u0119pstwa od niniejszych og\u00f3lnych warunk\u00f3w nie mog\u0105 by\u0107 na szkod\u0119 konsumenta i musz\u0105 by\u0107 zapisane na pi\u015bmie lub w taki spos\u00f3b, aby konsument m\u00f3g\u0142 je przechowywa\u0107 w przyst\u0119pny spos\u00f3b na trwa\u0142ym no\u015bniku.<\/p>\n<h3><strong>Artyku\u0142 10: Uskar\u017canie si\u0119<\/strong><\/h3>\n<p>W przypadku reklamacji zalecamy skontaktowanie si\u0119 z reklamodawc\u0105. Dzia\u0142amy tylko jako po\u015brednicy i nie ponosimy odpowiedzialno\u015bci za us\u0142ugi \/ produkty oferowane przez reklamodawc\u0119.<\/p>\n<h3><strong>Artyku\u0142 11: Obowi\u0105zuj\u0105ce prawo<\/strong><\/h3>\n<p>Jedynie prawo indyjskie ma zastosowanie do stosunku prawnego mi\u0119dzy Offers-Live.com\/pl a u\u017cytkownikiem. Prawo okr\u0119gowe w Gorakhpur \/ Indie jest w\u0142a\u015bciwe do rozstrzygania spor\u00f3w.<br \/>\nJe\u017celi i o ile jakakolwiek cz\u0119\u015b\u0107 lub postanowienie niniejszych warunk\u00f3w u\u017cytkowania wydaje si\u0119 by\u0107 sprzeczne z bezwzgl\u0119dnie obowi\u0105zuj\u0105cymi przepisami prawa krajowego lub mi\u0119dzynarodowego, uznaje si\u0119, \u017ce nie zosta\u0142y one uzgodnione, a niniejsze warunki u\u017cytkowania pozostaj\u0105 wi\u0105\u017c\u0105ce dla innych stron.<\/p>\n","protected":false},"excerpt":{"rendered":"<p>Artyku\u0142 1: Definicje W niniejszych warunkach u\u017cytkowania obowi\u0105zuj\u0105 nast\u0119puj\u0105ce definicje: Stronie internetowej: Offers-Live.com\/pl U\u017cytkownik: Osoba (prawna), kt\u00f3ra korzysta z us\u0142ug oferowanych za po\u015brednictwem strony; Dostawca: (osoba prawna), kt\u00f3ra udost\u0119pnia informacje, oferty, kod rabatowy, produkty lub us\u0142ugi, o kt\u00f3rych mowa w witrynie Offers-Live.com\/pl za po\u015brednictwem (hiper) linku lub w inny spos\u00f3b; Oferuje: Wszystkie oferty, informacje, kody [&hellip;]<\/p>\n","protected":false},"author":1,"featured_media":0,"parent":0,"menu_order":0,"comment_status":"closed","ping_status":"closed","template":"","meta":{"_seopress_robots_primary_cat":"","_seopress_titles_title":"Regulamin - Offers-Live Poland","_seopress_titles_desc":"Artyku\u0142 1: Definicje\r\nW niniejszych warunkach u\u017cytkowania obowi\u0105zuj\u0105 nast\u0119puj\u0105ce definicje:\r\nStronie internetowej: Offers-Live.com\/pl","_seopress_robots_index":"","footnotes":""},"class_list":["post-636","page","type-page","status-publish","hentry"],"_links":{"self":[{"href":"https:\/\/offers-live.com\/pl\/wp-json\/wp\/v2\/pages\/636","targetHints":{"allow":["GET"]}}],"collection":[{"href":"https:\/\/offers-live.com\/pl\/wp-json\/wp\/v2\/pages"}],"about":[{"href":"https:\/\/offers-live.com\/pl\/wp-json\/wp\/v2\/types\/page"}],"author":[{"embeddable":true,"href":"https:\/\/offers-live.com\/pl\/wp-json\/wp\/v2\/users\/1"}],"replies":[{"embeddable":true,"href":"https:\/\/offers-live.com\/pl\/wp-json\/wp\/v2\/comments?post=636"}],"version-history":[{"count":1,"href":"https:\/\/offers-live.com\/pl\/wp-json\/wp\/v2\/pages\/636\/revisions"}],"predecessor-version":[{"id":8448,"href":"https:\/\/offers-live.com\/pl\/wp-json\/wp\/v2\/pages\/636\/revisions\/8448"}],"wp:attachment":[{"href":"https:\/\/offers-live.com\/pl\/wp-json\/wp\/v2\/media?parent=636"}],"curies":[{"name":"wp","href":"https:\/\/api.w.org\/{rel}","templated":true}]}}