{"id":634,"date":"2019-09-03T12:28:12","date_gmt":"2019-09-03T12:28:12","guid":{"rendered":"https:\/\/offers-live.com\/pl\/?page_id=634"},"modified":"2025-04-20T18:54:13","modified_gmt":"2025-04-20T16:54:13","slug":"o-nas","status":"publish","type":"page","link":"https:\/\/offers-live.com\/pl\/o-nas\/","title":{"rendered":"O Nas"},"content":{"rendered":"<p>Zbieramy najlepsze kody rabatowe i oferty, aby pom\u00f3c Ci zaoszcz\u0119dzi\u0107 czas i pieni\u0105dze. Nie kosztuje to absolutnie nic, poniewa\u017c korzystanie z naszej strony jest ca\u0142kowicie bezp\u0142atne.<\/p>\n<p>Nasz cel jest bardzo prosty: chcemy u\u0142atwi\u0107 ci znalezienie kod\u00f3w rabatowych w pracy, aby\u015b m\u00f3g\u0142 zaoszcz\u0119dzi\u0107 pieni\u0105dze podczas zakup\u00f3w w ulubionych sklepach, poniewa\u017c wszystkie ma\u0142e elementy pomagaj\u0105. Dlatego codziennie wyszukujemy, testujemy i sprawdzamy kody rabatowe sklep\u00f3w internetowych.<\/p>\n<p>Projekt Offers-live.com\/pl stara si\u0119 by\u0107 jak najbardziej przyjazny, aby\u015b m\u00f3g\u0142 \u0142atwo znale\u017a\u0107 drog\u0119 do swoich ulubionych kod\u00f3w rabatowych. Aby nasza strona by\u0142a jeszcze \u0142atwiejsza w u\u017cyciu, skupiamy si\u0119 na Twojej opinii. W ten spos\u00f3b wiemy, co musimy poprawi\u0107 i jak powinni\u015bmy kontynuowa\u0107 nasze dzia\u0142ania. Mo\u017cesz tak\u017ce przekaza\u0107 opini\u0119 na temat naszych kod\u00f3w rabatowych i ofert.<\/p>\n<p>Offers-live.com\/pl \u015bci\u015ble wsp\u00f3\u0142pracuje z po\u0142\u0105czonymi sklepami i sieciami. W ten spos\u00f3b zapewniamy, \u017ce zawsze znajdziesz szukany kod rabatowy.<\/p>\n<p>Aby to u\u0142atwi\u0107, wy\u015blij nam cotygodniowy biuletyn informuj\u0105cy o najnowszych kodach rabatowych i najlepszych ofertach. Robimy to r\u00f3wnie\u017c w mediach spo\u0142eczno\u015bciowych.<\/p>\n","protected":false},"excerpt":{"rendered":"<p>Zbieramy najlepsze kody rabatowe i oferty, aby pom\u00f3c Ci zaoszcz\u0119dzi\u0107 czas i pieni\u0105dze. Nie kosztuje to absolutnie nic, poniewa\u017c korzystanie z naszej strony jest ca\u0142kowicie bezp\u0142atne. Nasz cel jest bardzo prosty: chcemy u\u0142atwi\u0107 ci znalezienie kod\u00f3w rabatowych w pracy, aby\u015b m\u00f3g\u0142 zaoszcz\u0119dzi\u0107 pieni\u0105dze podczas zakup\u00f3w w ulubionych sklepach, poniewa\u017c wszystkie ma\u0142e elementy pomagaj\u0105. Dlatego codziennie [&hellip;]<\/p>\n","protected":false},"author":1,"featured_media":0,"parent":0,"menu_order":0,"comment_status":"closed","ping_status":"closed","template":"","meta":{"_seopress_robots_primary_cat":"","_seopress_titles_title":"O Nas - Offers-Live Poland","_seopress_titles_desc":"Zbieramy najlepsze kody rabatowe i oferty, aby pom\u00f3c Ci zaoszcz\u0119dzi\u0107 czas i pieni\u0105dze. Nie kosztuje to absolutnie nic, poniewa\u017c korzystanie z naszej strony","_seopress_robots_index":"","footnotes":""},"class_list":["post-634","page","type-page","status-publish","hentry"],"_links":{"self":[{"href":"https:\/\/offers-live.com\/pl\/wp-json\/wp\/v2\/pages\/634","targetHints":{"allow":["GET"]}}],"collection":[{"href":"https:\/\/offers-live.com\/pl\/wp-json\/wp\/v2\/pages"}],"about":[{"href":"https:\/\/offers-live.com\/pl\/wp-json\/wp\/v2\/types\/page"}],"author":[{"embeddable":true,"href":"https:\/\/offers-live.com\/pl\/wp-json\/wp\/v2\/users\/1"}],"replies":[{"embeddable":true,"href":"https:\/\/offers-live.com\/pl\/wp-json\/wp\/v2\/comments?post=634"}],"version-history":[{"count":1,"href":"https:\/\/offers-live.com\/pl\/wp-json\/wp\/v2\/pages\/634\/revisions"}],"predecessor-version":[{"id":8421,"href":"https:\/\/offers-live.com\/pl\/wp-json\/wp\/v2\/pages\/634\/revisions\/8421"}],"wp:attachment":[{"href":"https:\/\/offers-live.com\/pl\/wp-json\/wp\/v2\/media?parent=634"}],"curies":[{"name":"wp","href":"https:\/\/api.w.org\/{rel}","templated":true}]}}