{"id":632,"date":"2019-09-03T12:26:08","date_gmt":"2019-09-03T12:26:08","guid":{"rendered":"https:\/\/offers-live.com\/pl\/?page_id=632"},"modified":"2025-04-22T13:52:18","modified_gmt":"2025-04-22T11:52:18","slug":"faq","status":"publish","type":"page","link":"https:\/\/offers-live.com\/pl\/faq\/","title":{"rendered":"FAQ"},"content":{"rendered":"<h4><strong>Co jest Offers-live.com\/pl?<\/strong><\/h4>\n<p>Offers-live.com\/pl to strona internetowa, na kt\u00f3rej mo\u017cna znale\u017a\u0107 kupony i oferty dla sklep\u00f3w internetowych.<\/p>\n<h4><strong>Co to jest kod rabatowy?<\/strong><\/h4>\n<p>Kod rabatowy (znany r\u00f3wnie\u017c jako kod promocyjny, kod rabatowy, kod kuponu) zostanie wydany przez sklepy internetowe w celu wydania rabatu. Aby u\u017cy\u0107 tego kodu rabatowego, nale\u017cy skopiowa\u0107 kod rabatowy, a nast\u0119pnie wklei\u0107 go w odpowiednim polu podczas realizacji zam\u00f3wienia.<\/p>\n<h4><strong>Jak znale\u017a\u0107 kod rabatowy?<\/strong><\/h4>\n<p>Mo\u017cesz znale\u017a\u0107 kod rabatowy na r\u00f3\u017cne sposoby, w zale\u017cno\u015bci od sytuacji:<\/p>\n<p>Wiesz dok\u0142adnie, kt\u00f3ry produkt i kt\u00f3ry sklep chcesz zam\u00f3wi\u0107. Kliknij w naszym <a href=\"https:\/\/offers-live.com\/pl\/wszystkie-sklepy\/\" target=\"_blank\" rel=\"noopener noreferrer\">alfabetyczna lista po\u0142\u0105czonych sklep\u00f3w<\/a> w sklepie internetowym i sprawd\u017a, czy kody rabatowe lub oferty s\u0105 obecnie dost\u0119pne.<\/p>\n<p>Wiesz, kt\u00f3ry produkt chcesz i chcesz go zam\u00f3wi\u0107 ze zni\u017ck\u0105. Zobacz nasze <a href=\"https:\/\/offers-live.com\/pl\/kategorie\/\" target=\"_blank\" rel=\"noopener noreferrer\">kategorie<\/a> i sprawd\u017a, czy dost\u0119pne s\u0105 rabaty lub oferty dla kategorii, do kt\u00f3rej nale\u017cy tw\u00f3j produkt.<\/p>\n<p><strong>Funkcja wyszukiwania<\/strong><br \/>\nZawsze mo\u017cesz u\u017cy\u0107 paska wyszukiwania, aby znale\u017a\u0107 okre\u015blony kod rabatowy lub promocj\u0119.<\/p>\n<h4><strong>Czy Offers-live.com\/pl jest bezp\u0142atny?<\/strong><\/h4>\n<p>Tak. Offers-live.com\/pl jest bezp\u0142atny dla wszystkich u\u017cytkownik\u00f3w.<\/p>\n<h4><strong>Dlaczego musz\u0119 si\u0119 zarejestrowa\u0107?<\/strong><\/h4>\n<p>&#8211; Rejestracja jest bezp\u0142atna.<br \/>\n&#8211; Mo\u017cesz otrzymywa\u0107 ekskluzywne kody rabatowe i oferty.<\/p>\n<h4><strong>Jak mog\u0119 przes\u0142a\u0107 kod rabatowy?<\/strong><\/h4>\n<p>Je\u015bli chcesz opublikowa\u0107 kod rabatowy lub ofert\u0119 na Offers-live.com\/pl, wype\u0142nij nasz formularz, a my rozpatrzymy Twoj\u0105 pro\u015bb\u0119.<\/p>\n","protected":false},"excerpt":{"rendered":"<p>Co jest Offers-live.com\/pl? Offers-live.com\/pl to strona internetowa, na kt\u00f3rej mo\u017cna znale\u017a\u0107 kupony i oferty dla sklep\u00f3w internetowych. Co to jest kod rabatowy? Kod rabatowy (znany r\u00f3wnie\u017c jako kod promocyjny, kod rabatowy, kod kuponu) zostanie wydany przez sklepy internetowe w celu wydania rabatu. Aby u\u017cy\u0107 tego kodu rabatowego, nale\u017cy skopiowa\u0107 kod rabatowy, a nast\u0119pnie wklei\u0107 go [&hellip;]<\/p>\n","protected":false},"author":1,"featured_media":0,"parent":0,"menu_order":0,"comment_status":"closed","ping_status":"closed","template":"","meta":{"_seopress_robots_primary_cat":"","_seopress_titles_title":"FAQ - Offers-Live Poland","_seopress_titles_desc":"Co jest Offers-live.com\/pl?\r\n\r\nOffers-live.com\/pl to strona internetowa, na kt\u00f3rej mo\u017cna znale\u017a\u0107 kupony i oferty dla sklep\u00f3w internetowych.","_seopress_robots_index":"","footnotes":""},"class_list":["post-632","page","type-page","status-publish","hentry"],"_links":{"self":[{"href":"https:\/\/offers-live.com\/pl\/wp-json\/wp\/v2\/pages\/632","targetHints":{"allow":["GET"]}}],"collection":[{"href":"https:\/\/offers-live.com\/pl\/wp-json\/wp\/v2\/pages"}],"about":[{"href":"https:\/\/offers-live.com\/pl\/wp-json\/wp\/v2\/types\/page"}],"author":[{"embeddable":true,"href":"https:\/\/offers-live.com\/pl\/wp-json\/wp\/v2\/users\/1"}],"replies":[{"embeddable":true,"href":"https:\/\/offers-live.com\/pl\/wp-json\/wp\/v2\/comments?post=632"}],"version-history":[{"count":1,"href":"https:\/\/offers-live.com\/pl\/wp-json\/wp\/v2\/pages\/632\/revisions"}],"predecessor-version":[{"id":8440,"href":"https:\/\/offers-live.com\/pl\/wp-json\/wp\/v2\/pages\/632\/revisions\/8440"}],"wp:attachment":[{"href":"https:\/\/offers-live.com\/pl\/wp-json\/wp\/v2\/media?parent=632"}],"curies":[{"name":"wp","href":"https:\/\/api.w.org\/{rel}","templated":true}]}}