{"id":630,"date":"2019-09-03T11:52:19","date_gmt":"2019-09-03T11:52:19","guid":{"rendered":"https:\/\/offers-live.com\/pl\/?page_id=630"},"modified":"2025-04-22T13:52:28","modified_gmt":"2025-04-22T11:52:28","slug":"jak-dziala-offers-live-com-pl","status":"publish","type":"page","link":"https:\/\/offers-live.com\/pl\/jak-dziala-offers-live-com-pl\/","title":{"rendered":"Jak dzia\u0142a Offers-live.com\/pl"},"content":{"rendered":"<h3>Jak korzystasz z Ofert-live.com\/pl?<\/h3>\n<h2>Krok 1<\/h2>\n<p>Wpisz nazw\u0119 sklepu, dla kt\u00f3rego szukasz kodu rabatowego lub promocji.<\/p>\n<p><img decoding=\"async\" title=\"ol-1\" src=\"https:\/\/offers-live.com\/pl\/wp-content\/themes\/rehub-theme\/images\/default\/blank.gif\" alt=\"ol-1\" data-src=\"https:\/\/offers-live.com\/pl\/wp-content\/uploads\/2019\/11\/ol-1.jpg\" \/><\/p>\n<h2>Krok 2<\/h2>\n<p>Wybierz kod rabatowy lub promocj\u0119 i kliknij czerwony przycisk.<\/p>\n<p><img decoding=\"async\" title=\"ol-2\" src=\"https:\/\/offers-live.com\/pl\/wp-content\/themes\/rehub-theme\/images\/default\/blank.gif\" alt=\"ol-2\" data-src=\"https:\/\/offers-live.com\/pl\/wp-content\/uploads\/2019\/11\/ol-2.jpg\" \/><\/p>\n<h2>Krok 3<\/h2>\n<p>Zobaczysz teraz kod rabatowy. W tym samym czasie otwiera si\u0119 nowy ekran lub karta, na kt\u00f3rej nast\u0119puje przekierowanie do sklepu.<\/p>\n<p><img decoding=\"async\" title=\"ol-3\" src=\"https:\/\/offers-live.com\/pl\/wp-content\/themes\/rehub-theme\/images\/default\/blank.gif\" alt=\"ol-3\" data-src=\"https:\/\/offers-live.com\/pl\/wp-content\/uploads\/2019\/11\/ol-3.jpg\" \/><\/p>\n<h2>Krok 4<\/h2>\n<p>Skopiuj kod rabatowy i wprowad\u017a go podczas zakup\u00f3w online.<\/p>\n","protected":false},"excerpt":{"rendered":"<p>Jak korzystasz z Ofert-live.com\/pl? Krok 1 Wpisz nazw\u0119 sklepu, dla kt\u00f3rego szukasz kodu rabatowego lub promocji. Krok 2 Wybierz kod rabatowy lub promocj\u0119 i kliknij czerwony przycisk. Krok 3 Zobaczysz teraz kod rabatowy. W tym samym czasie otwiera si\u0119 nowy ekran lub karta, na kt\u00f3rej nast\u0119puje przekierowanie do sklepu. Krok 4 Skopiuj kod rabatowy i [&hellip;]<\/p>\n","protected":false},"author":1,"featured_media":0,"parent":0,"menu_order":0,"comment_status":"closed","ping_status":"closed","template":"","meta":{"_seopress_robots_primary_cat":"","_seopress_titles_title":"Jak dzia\u0142a Offers-live.com\/pl","_seopress_titles_desc":"Jak korzystasz z Ofert-live.com\/pl?\r\nKrok 1\r\nWpisz nazw\u0119 sklepu, dla kt\u00f3rego szukasz kodu rabatowego lub promocji.","_seopress_robots_index":"","footnotes":""},"class_list":["post-630","page","type-page","status-publish","hentry"],"_links":{"self":[{"href":"https:\/\/offers-live.com\/pl\/wp-json\/wp\/v2\/pages\/630","targetHints":{"allow":["GET"]}}],"collection":[{"href":"https:\/\/offers-live.com\/pl\/wp-json\/wp\/v2\/pages"}],"about":[{"href":"https:\/\/offers-live.com\/pl\/wp-json\/wp\/v2\/types\/page"}],"author":[{"embeddable":true,"href":"https:\/\/offers-live.com\/pl\/wp-json\/wp\/v2\/users\/1"}],"replies":[{"embeddable":true,"href":"https:\/\/offers-live.com\/pl\/wp-json\/wp\/v2\/comments?post=630"}],"version-history":[{"count":2,"href":"https:\/\/offers-live.com\/pl\/wp-json\/wp\/v2\/pages\/630\/revisions"}],"predecessor-version":[{"id":8442,"href":"https:\/\/offers-live.com\/pl\/wp-json\/wp\/v2\/pages\/630\/revisions\/8442"}],"wp:attachment":[{"href":"https:\/\/offers-live.com\/pl\/wp-json\/wp\/v2\/media?parent=630"}],"curies":[{"name":"wp","href":"https:\/\/api.w.org\/{rel}","templated":true}]}}