{"id":34,"date":"2023-07-30T13:41:28","date_gmt":"2023-07-30T13:41:28","guid":{"rendered":"https:\/\/offers-live.com\/de\/?page_id=34"},"modified":"2025-04-24T10:49:48","modified_gmt":"2025-04-24T08:49:48","slug":"kategorien","status":"publish","type":"page","link":"https:\/\/offers-live.com\/de\/kategorien\/","title":{"rendered":"Kategorien"},"content":{"rendered":"\n<h2 class=\"wp-block-heading\">Alle Kategorien Angebote &amp; Gutscheine: Bis zu 80 % Rabatt mit Rabattcode<\/h2>\n\n\n\n<div class=\"wp-block-rehub-tax-archive rhpb-tax-archive rhpb-be859e5f-5024-4821-80b0-a68dfd7dda6f\"><div class=\"no_padding_wrap\"><div class=\"col_wrap_fourth rh-flex-eq-height mb20\"><div class=\"rh-heading-hover-color col_item rh-cartbox woocatbox pt15 pb15 pr15 pl15 rh-hov-bor-line product-category rh-flex-center-align \"><div style=\"width:calc(100% - 60px);\"><h5 class=\"mb10 font110 mt0\"><a class=\"\" href=\"https:\/\/offers-live.com\/de\/baby-und-kinder\/\" title=\"View all post filed under Baby und Kinder\">Baby und Kinder<\/a><\/h5><div class=\"subcategortes font70 lineheight15 blackcolor wordbreak\"><\/div><\/div><\/div><div class=\"rh-heading-hover-color col_item rh-cartbox woocatbox pt15 pb15 pr15 pl15 rh-hov-bor-line product-category rh-flex-center-align \"><div style=\"width:calc(100% - 60px);\"><h5 class=\"mb10 font110 mt0\"><a class=\"\" href=\"https:\/\/offers-live.com\/de\/black-friday\/\" title=\"View all post filed under Black Friday\">Black Friday<\/a><\/h5><div class=\"subcategortes font70 lineheight15 blackcolor wordbreak\"><\/div><\/div><\/div><div class=\"rh-heading-hover-color col_item rh-cartbox woocatbox pt15 pb15 pr15 pl15 rh-hov-bor-line product-category rh-flex-center-align \"><div style=\"width:calc(100% - 60px);\"><h5 class=\"mb10 font110 mt0\"><a class=\"\" href=\"https:\/\/offers-live.com\/de\/cyber-monday\/\" title=\"View all post filed under Cyber Monday\">Cyber Monday<\/a><\/h5><div class=\"subcategortes font70 lineheight15 blackcolor wordbreak\"><\/div><\/div><\/div><div class=\"rh-heading-hover-color col_item rh-cartbox woocatbox pt15 pb15 pr15 pl15 rh-hov-bor-line product-category rh-flex-center-align \"><div style=\"width:calc(100% - 60px);\"><h5 class=\"mb10 font110 mt0\"><a class=\"\" href=\"https:\/\/offers-live.com\/de\/gesundheit-und-koerperpflege\/\" title=\"View all post filed under Gesundheit und K\u00f6rperpflege\">Gesundheit und K\u00f6rperpflege<\/a><\/h5><div class=\"subcategortes font70 lineheight15 blackcolor wordbreak\"><\/div><\/div><\/div><div class=\"rh-heading-hover-color col_item rh-cartbox woocatbox pt15 pb15 pr15 pl15 rh-hov-bor-line product-category rh-flex-center-align \"><div style=\"width:calc(100% - 60px);\"><h5 class=\"mb10 font110 mt0\"><a class=\"\" href=\"https:\/\/offers-live.com\/de\/mode-kleidung-und-accessoires\/\" title=\"View all post filed under Mode, Kleidung und Accessoires\">Mode, Kleidung und Accessoires<\/a><\/h5><div class=\"subcategortes font70 lineheight15 blackcolor wordbreak\"><\/div><\/div><\/div><div class=\"rh-heading-hover-color col_item rh-cartbox woocatbox pt15 pb15 pr15 pl15 rh-hov-bor-line product-category rh-flex-center-align \"><div style=\"width:calc(100% - 60px);\"><h5 class=\"mb10 font110 mt0\"><a class=\"\" href=\"https:\/\/offers-live.com\/de\/schuhe\/\" title=\"View all post filed under Schuhe\">Schuhe<\/a><\/h5><div class=\"subcategortes font70 lineheight15 blackcolor wordbreak\"><\/div><\/div><\/div><div class=\"rh-heading-hover-color col_item rh-cartbox woocatbox pt15 pb15 pr15 pl15 rh-hov-bor-line product-category rh-flex-center-align \"><div style=\"width:calc(100% - 60px);\"><h5 class=\"mb10 font110 mt0\"><a class=\"\" href=\"https:\/\/offers-live.com\/de\/schuhwerk\/\" title=\"View all post filed under Schuhwerk\">Schuhwerk<\/a><\/h5><div class=\"subcategortes font70 lineheight15 blackcolor wordbreak\"><\/div><\/div><\/div><div class=\"rh-heading-hover-color col_item rh-cartbox woocatbox pt15 pb15 pr15 pl15 rh-hov-bor-line product-category rh-flex-center-align \"><div style=\"width:calc(100% - 60px);\"><h5 class=\"mb10 font110 mt0\"><a class=\"\" href=\"https:\/\/offers-live.com\/de\/software-und-it-dienstleistungen\/\" title=\"View all post filed under Software und IT-Dienstleistungen\">Software und IT-Dienstleistungen<\/a><\/h5><div class=\"subcategortes font70 lineheight15 blackcolor wordbreak\"><\/div><\/div><\/div><div class=\"rh-heading-hover-color col_item rh-cartbox woocatbox pt15 pb15 pr15 pl15 rh-hov-bor-line product-category rh-flex-center-align \"><div style=\"width:calc(100% - 60px);\"><h5 class=\"mb10 font110 mt0\"><a class=\"\" href=\"https:\/\/offers-live.com\/de\/sport-und-fitness\/\" title=\"View all post filed under Sport und Fitness\">Sport und Fitness<\/a><\/h5><div class=\"subcategortes font70 lineheight15 blackcolor wordbreak\"><\/div><\/div><\/div><div class=\"rh-heading-hover-color col_item rh-cartbox woocatbox pt15 pb15 pr15 pl15 rh-hov-bor-line product-category rh-flex-center-align \"><div style=\"width:calc(100% - 60px);\"><h5 class=\"mb10 font110 mt0\"><a class=\"\" href=\"https:\/\/offers-live.com\/de\/weihnachten\/\" title=\"View all post filed under Weihnachten\">Weihnachten<\/a><\/h5><div class=\"subcategortes font70 lineheight15 blackcolor wordbreak\"><\/div><\/div><\/div><\/div><\/div><\/div>\n\n\n\n<h2 class=\"wp-block-heading\"><strong>Rabattcodes und Sonderangebote Kategorien auf Offers-Live Deutschland<\/strong><\/h2>\n\n\n\n<p>Offers-Live.com\/de organisiert <strong>gepr\u00fcfte Rabattcodes<\/strong> f\u00fcr verschiedene <strong>Einkaufskategorien<\/strong>. Suchen Sie nach Angeboten f\u00fcr Kleidung, Elektronik, Reisen oder Haushaltswaren? Hier finden Sie alles. Die Website aktualisiert t\u00e4glich Sonderangebote von <strong>gro\u00dfen Marken<\/strong> wie 11teamsports, Amazon und Top4Running, wobei die Ersparnisse in der Regel zwischen 10 % und 50 % des regul\u00e4ren Preises liegen.<\/p>\n\n\n\n<p>Warum Zeit mit der Suche nach Gutscheincodes verschwenden, die nicht funktionieren? Diese Plattform \u00fcbernimmt die Arbeit f\u00fcr Sie und stellt Ihnen <strong>handverlesene, g\u00fcltige Codes<\/strong> an einem praktischen Ort zur Verf\u00fcgung. Das Team \u00fcberpr\u00fcft jede Aktion, bevor sie ver\u00f6ffentlicht wird.<\/p>\n\n\n\n<p>Durchsuchen Sie Kategorien, die Ihren Einkaufsinteressen entsprechen, \u00fcberpr\u00fcfen Sie vor dem Bezahlen immer die verf\u00fcgbaren Angebote und entdecken Sie <strong>exklusive Angebote<\/strong>, die Sie nicht direkt auf den Websites der Marken finden. Viele K\u00e4ufer verpassen <strong>erhebliche Einsparungen<\/strong>, einfach weil sie nicht wissen, dass es diese Sonderaktionen gibt.<\/p>\n\n\n\n<h2 class=\"wp-block-heading\"><strong>Willkommen auf der Kategorieseite<\/strong><\/h2>\n\n\n\n<p>Geld sparen ist f\u00fcr jeden wichtig, aber die Suche nach g\u00fcltigen <strong>Rabattcodes<\/strong> kann viel Zeit in Anspruch nehmen. Deshalb haben wir <strong>alles \u00fcbersichtlich<\/strong> auf Offers-Live.com\/de zusammengestellt.<\/p>\n\n\n\n<p>Hier finden Sie <strong>erstklassige Gutscheincodes<\/strong> und <strong>Aktionen nach Kategorien sortiert<\/strong>. Sie m\u00f6chten Nike-Sneaker kaufen, Ihre n\u00e4chste Airbnb-Unterkunft buchen, Ihre Apple-Ger\u00e4te aufr\u00fcsten oder Ihr IKEA-Wohnzimmer auffrischen? Wir haben spezielle Rabattcodes f\u00fcr jeden Bereich.<\/p>\n\n\n\n<p>St\u00f6bern Sie in den Kategorien, die Ihren Interessen entsprechen, und entdecken Sie <strong>exklusive Rabatte<\/strong>, die auf Ihren Lebensstil zugeschnitten sind. Mit unserer handverlesenen Sammlung gepr\u00fcfter Rabattcodes geben Sie weniger f\u00fcr Produkte aus, die Sie lieben, ohne dabei auf Qualit\u00e4t verzichten zu m\u00fcssen.<\/p>\n\n\n\n<p>Echte Ersparnisse bei echten Eink\u00e4ufen \u2013 das ist unser Versprechen.<\/p>\n\n\n\n<h2 class=\"wp-block-heading\"><strong>Holen Sie sich die neuesten Rabattcodes und Angebote<\/strong><\/h2>\n\n\n\n<p>Warum warten, um Geld zu sparen, wenn unsere neuesten <strong>Rabattcodes<\/strong> nur einen Klick entfernt sind?<\/p>\n\n\n\n<p>Unser Bereich \u201eKategorien\u201c wird t\u00e4glich mit neuen Gutscheincodes, <strong>exklusiven Angeboten<\/strong> und <strong>Sonderangeboten<\/strong> von Top-Marken wie Amazon, 11teamsports und Top4running in ganz Deutschland aktualisiert.<\/p>\n\n\n\n<p>Um auf dem Laufenden zu bleiben, besuchen Sie uns regelm\u00e4\u00dfig und abonnieren Sie unseren Newsletter. Wir haben es uns zur Aufgabe gemacht, Ihnen die aktuellsten Rabatte zu bieten, damit Sie Ihr Geld f\u00fcr alles, von Nike-Sneakers \u00fcber Samsung-Ger\u00e4te bis hin zu Expedia-Reisepaketen, besser ausgeben k\u00f6nnen.<\/p>\n\n\n\n<p>Bevor Sie irgendwo online zur Kasse gehen, schauen Sie zuerst bei unseren <strong>aktualisierten Angeboten<\/strong> vorbei. Clevere Shopper suchen immer nach Codes \u2013 mit nur wenigen Sekunden Aufwand k\u00f6nnen Sie zus\u00e4tzlich 10 bis 50 % sparen.<\/p>\n\n\n\n<h2 class=\"wp-block-heading\"><strong>Maximieren Sie Ihre Ersparnisse auf den Angebotsseiten von Offers-Live<\/strong><\/h2>\n\n\n\n<p>Drei einfache Schritte werden Ihre <strong>Geldsparmethoden<\/strong> auf unseren Angebotsseiten revolutionieren.<\/p>\n\n\n\n<p>Durchsuchen Sie zun\u00e4chst unsere <strong>\u00fcbersichtlichen Rubriken<\/strong>, um das zu finden, was Sie suchen \u2013 Kleidung, Smartphones, Urlaubspakete oder alles andere.<\/p>\n\n\n\n<p>Klicken Sie dann auf eine Kategorie, die Ihnen gef\u00e4llt, um alle <strong>aktuellen Sonderangebote<\/strong> und Rabattcodes anzuzeigen.<\/p>\n\n\n\n<p>W\u00e4hlen Sie schlie\u00dflich das Angebot aus, das Ihnen den <strong>gr\u00f6\u00dften Rabatt<\/strong> f\u00fcr das gew\u00fcnschte Produkt bietet.<\/p>\n\n\n\n<p>Sie finden <strong>exklusive Angebote<\/strong> von Marken wie Samsung, Nike und Expedia, die diese Unternehmen nicht auf ihren Hauptwebsites bewerben.<\/p>\n\n\n\n<p>Warum Stunden damit verschwenden, zwischen verschiedenen Websites hin und her zu springen, wenn wir alles an einem Ort f\u00fcr Sie zusammengestellt haben?<\/p>\n\n\n\n<p>Sparen Sie noch heute und kaufen Sie smarter mit Offers-Live Deutschland ein.<\/p>\n","protected":false},"excerpt":{"rendered":"<p>Alle Kategorien Angebote &amp; Gutscheine: Bis zu 80 % Rabatt mit Rabattcode Rabattcodes und Sonderangebote Kategorien auf Offers-Live Deutschland Offers-Live.com\/de organisiert gepr\u00fcfte Rabattcodes f\u00fcr verschiedene Einkaufskategorien. Suchen Sie nach Angeboten f\u00fcr Kleidung, Elektronik, Reisen oder Haushaltswaren? Hier finden Sie alles. Die Website aktualisiert t\u00e4glich Sonderangebote von gro\u00dfen Marken wie 11teamsports, Amazon und Top4Running, wobei die [&hellip;]<\/p>\n","protected":false},"author":1,"featured_media":0,"parent":0,"menu_order":0,"comment_status":"closed","ping_status":"closed","template":"","meta":{"_seopress_robots_primary_cat":"","_seopress_titles_title":"Alle Kategorien Angebote & Gutscheine: Bis zu 80 % Rabatt mit Rabattcode","_seopress_titles_desc":"Sparen Sie viel mit verifizierten Angeboten und \u00fcber 500 Gutscheinen f\u00fcr Elektronik, Mode, Beauty, Sport und mehr bei Offers-Live.com. Sichern Sie sich jetzt bis zu 80 % Rabatt und zus\u00e4tzliche Rabatte!","_seopress_robots_index":"","footnotes":""},"class_list":["post-34","page","type-page","status-publish","hentry"],"_links":{"self":[{"href":"https:\/\/offers-live.com\/de\/wp-json\/wp\/v2\/pages\/34","targetHints":{"allow":["GET"]}}],"collection":[{"href":"https:\/\/offers-live.com\/de\/wp-json\/wp\/v2\/pages"}],"about":[{"href":"https:\/\/offers-live.com\/de\/wp-json\/wp\/v2\/types\/page"}],"author":[{"embeddable":true,"href":"https:\/\/offers-live.com\/de\/wp-json\/wp\/v2\/users\/1"}],"replies":[{"embeddable":true,"href":"https:\/\/offers-live.com\/de\/wp-json\/wp\/v2\/comments?post=34"}],"version-history":[{"count":12,"href":"https:\/\/offers-live.com\/de\/wp-json\/wp\/v2\/pages\/34\/revisions"}],"predecessor-version":[{"id":927,"href":"https:\/\/offers-live.com\/de\/wp-json\/wp\/v2\/pages\/34\/revisions\/927"}],"wp:attachment":[{"href":"https:\/\/offers-live.com\/de\/wp-json\/wp\/v2\/media?parent=34"}],"curies":[{"name":"wp","href":"https:\/\/api.w.org\/{rel}","templated":true}]}}